{"id":1054,"date":"2023-09-14T11:22:30","date_gmt":"2023-09-14T11:22:30","guid":{"rendered":"https:\/\/www.studiomuste.fi\/?page_id=1054"},"modified":"2023-09-14T11:29:11","modified_gmt":"2023-09-14T11:29:11","slug":"tulevat-aikuisten-lukupiirit","status":"publish","type":"page","link":"https:\/\/www.studiomuste.fi\/?page_id=1054","title":{"rendered":"Tulevat aikuisten lukupiirit"},"content":{"rendered":"\n<div class=\"wp-block-columns is-layout-flex wp-container-4\">\n<div class=\"wp-block-column is-layout-flow\">\n<p><\/p>\n\n\n\n<h2 class=\"wp-block-heading\">Oulu:<\/h2>\n\n\n\n<p>Uusi ryhm\u00e4 alkaa keskiviikkona 6.9. klo 18.00-20.00<br>Lukupiirin teemana uudet kirjat, jotka ovat her\u00e4tt\u00e4neet keskustelua.<br>Oulun keskusta, paikka tarkentuu my\u00f6hemmin!<br><br>Lukupiirin ensimm\u00e4inen kirja on Satu R\u00e4m\u00f6n Hildur. Kirja pit\u00e4\u00e4 olla luettuna ensimm\u00e4iseen tapaamiseen.<\/p>\n\n\n\n<p>Tapaamiset:<br>ke 6.9.<br>ke 27.9.<br>ke 18.10.<br>ke 8.11.<\/p>\n\n\n\n<h2 class=\"wp-block-heading\">Tornio:<\/h2>\n\n\n\n<p>Uusi ryhm\u00e4 alkaa maanantaina 28.8. klo 17.00-19.00<br>Lukupiirin teemana uudet kirjat, jotka ovat her\u00e4tt\u00e4neet keskustelua.<br>Tornion keskusta, paikka tarkentuu my\u00f6hemmin!<\/p>\n\n\n\n<p>Lukupiirin ensimm\u00e4inen kirja on Satu R\u00e4m\u00f6n Hildur. Kirja pit\u00e4\u00e4 olla luettuna ensimm\u00e4iseen tapaamiseen.<\/p>\n\n\n\n<p>Tapaamiset:<br>ma 28.8.<br>ma 18.9.<br>ma 9.10.<br>ma 30.10.<\/p>\n<\/div>\n\n\n\n<div class=\"wp-block-column is-layout-flow\">\n<div class=\"wp-block-group is-vertical is-layout-flex wp-container-2\">\n<figure class=\"wp-block-image size-full\"><img decoding=\"async\" loading=\"lazy\" width=\"940\" height=\"788\" src=\"https:\/\/www.studiomuste.fi\/wp-content\/uploads\/2023\/09\/Tapahtumapainikkeet-6.png\" alt=\"\" class=\"wp-image-1056\" srcset=\"https:\/\/www.studiomuste.fi\/wp-content\/uploads\/2023\/09\/Tapahtumapainikkeet-6.png 940w, https:\/\/www.studiomuste.fi\/wp-content\/uploads\/2023\/09\/Tapahtumapainikkeet-6-300x251.png 300w, https:\/\/www.studiomuste.fi\/wp-content\/uploads\/2023\/09\/Tapahtumapainikkeet-6-768x644.png 768w\" sizes=\"(max-width: 940px) 100vw, 940px\" \/><\/figure>\n<\/div>\n\n\n\n<figure class=\"wp-block-image size-full\"><a href=\"https:\/\/www.studiomuste.fi\/?page_id=488\"><img decoding=\"async\" loading=\"lazy\" width=\"940\" height=\"320\" src=\"http:\/\/www.studiomuste.fi\/wp-content\/uploads\/2023\/09\/10.png\" alt=\"\" class=\"wp-image-1038\" srcset=\"https:\/\/www.studiomuste.fi\/wp-content\/uploads\/2023\/09\/10.png 940w, https:\/\/www.studiomuste.fi\/wp-content\/uploads\/2023\/09\/10-300x102.png 300w, https:\/\/www.studiomuste.fi\/wp-content\/uploads\/2023\/09\/10-768x261.png 768w\" sizes=\"(max-width: 940px) 100vw, 940px\" \/><\/a><\/figure>\n\n\n\n<figure class=\"wp-block-image size-full\"><a href=\"https:\/\/www.studiomuste.fi\/?page_id=364\"><img decoding=\"async\" loading=\"lazy\" width=\"940\" height=\"360\" src=\"http:\/\/www.studiomuste.fi\/wp-content\/uploads\/2023\/09\/Tapahtumapainikkeet-8-2.png\" alt=\"\" class=\"wp-image-1066\" srcset=\"https:\/\/www.studiomuste.fi\/wp-content\/uploads\/2023\/09\/Tapahtumapainikkeet-8-2.png 940w, https:\/\/www.studiomuste.fi\/wp-content\/uploads\/2023\/09\/Tapahtumapainikkeet-8-2-300x115.png 300w, https:\/\/www.studiomuste.fi\/wp-content\/uploads\/2023\/09\/Tapahtumapainikkeet-8-2-768x294.png 768w\" sizes=\"(max-width: 940px) 100vw, 940px\" \/><\/a><\/figure>\n<\/div>\n<\/div>\n","protected":false},"excerpt":{"rendered":"<p>Oulu: Uusi ryhm\u00e4 alkaa keskiviikkona 6.9. klo 18.00-20.00Lukupiirin teemana uudet kirjat, jotka ovat her\u00e4tt\u00e4neet keskustelua.Oulun keskusta, paikka tarkentuu my\u00f6hemmin! Lukupiirin ensimm\u00e4inen kirja on Satu R\u00e4m\u00f6n Hildur. Kirja pit\u00e4\u00e4 olla luettuna ensimm\u00e4iseen tapaamiseen. Tapaamiset:ke 6.9.ke 27.9.ke 18.10.ke 8.11. Tornio: Uusi ryhm\u00e4 alkaa maanantaina 28.8. klo 17.00-19.00Lukupiirin teemana uudet kirjat, jotka ovat her\u00e4tt\u00e4neet keskustelua.Tornion keskusta, paikka tarkentuu&hellip;&nbsp;<a href=\"https:\/\/www.studiomuste.fi\/?page_id=1054\" class=\"\" rel=\"bookmark\">Lue lis\u00e4\u00e4 &raquo;<span class=\"screen-reader-text\">Tulevat aikuisten lukupiirit<\/span><\/a><\/p>\n","protected":false},"author":1,"featured_media":0,"parent":0,"menu_order":0,"comment_status":"closed","ping_status":"closed","template":"","meta":{"neve_meta_sidebar":"","neve_meta_container":"","neve_meta_enable_content_width":"","neve_meta_content_width":0,"neve_meta_title_alignment":"","neve_meta_author_avatar":"","neve_post_elements_order":"","neve_meta_disable_header":"","neve_meta_disable_footer":"","neve_meta_disable_title":""},"_links":{"self":[{"href":"https:\/\/www.studiomuste.fi\/index.php?rest_route=\/wp\/v2\/pages\/1054"}],"collection":[{"href":"https:\/\/www.studiomuste.fi\/index.php?rest_route=\/wp\/v2\/pages"}],"about":[{"href":"https:\/\/www.studiomuste.fi\/index.php?rest_route=\/wp\/v2\/types\/page"}],"author":[{"embeddable":true,"href":"https:\/\/www.studiomuste.fi\/index.php?rest_route=\/wp\/v2\/users\/1"}],"replies":[{"embeddable":true,"href":"https:\/\/www.studiomuste.fi\/index.php?rest_route=%2Fwp%2Fv2%2Fcomments&post=1054"}],"version-history":[{"count":3,"href":"https:\/\/www.studiomuste.fi\/index.php?rest_route=\/wp\/v2\/pages\/1054\/revisions"}],"predecessor-version":[{"id":1070,"href":"https:\/\/www.studiomuste.fi\/index.php?rest_route=\/wp\/v2\/pages\/1054\/revisions\/1070"}],"wp:attachment":[{"href":"https:\/\/www.studiomuste.fi\/index.php?rest_route=%2Fwp%2Fv2%2Fmedia&parent=1054"}],"curies":[{"name":"wp","href":"https:\/\/api.w.org\/{rel}","templated":true}]}}