{"id":1064,"date":"2023-09-14T11:28:36","date_gmt":"2023-09-14T11:28:36","guid":{"rendered":"https:\/\/www.studiomuste.fi\/?page_id=1064"},"modified":"2023-12-05T16:39:43","modified_gmt":"2023-12-05T16:39:43","slug":"tulevat-lasten-lukupiirit","status":"publish","type":"page","link":"https:\/\/www.studiomuste.fi\/?page_id=1064","title":{"rendered":"Tulevat lasten lukupiirit:"},"content":{"rendered":"\n<div class=\"wp-block-columns is-layout-flex wp-container-4\">\n<div class=\"wp-block-column is-layout-flow\">\n<h4 class=\"wp-block-heading\">Tarjous: Nyt tammikuun lukupiirit vain 20\u20ac\/hl\u00f6!<\/h4>\n\n\n\n<h2 class=\"wp-block-heading\">Oulu:<\/h2>\n\n\n\n<p>Uusi ryhm\u00e4 alkaa sunnuntaina 21.1. klo 14.00-15.00<br>Paikka: Oulun keskusta, paikka tarkentuu my\u00f6hemmin!<\/p>\n\n\n\n<p>Tapaamiset:<br>su 21.1<br>su 4.2.<br>su 18.2.<br>su 25.2.<br><\/p>\n\n\n\n<h2 class=\"wp-block-heading\">Tornio:<\/h2>\n\n\n\n<p>Uusi ryhm\u00e4 alkaa tiistaina 16.1.2024 klo 17.00-18.00<br>Paikka: Paikka tarkentuu my\u00f6hemmin!<\/p>\n\n\n\n<p>Tapaamiset:<br>ti 16.1.<br>ti 30.1.<br>ti 13.2.<br>ti 20.2.<\/p>\n<\/div>\n\n\n\n<div class=\"wp-block-column is-layout-flow\">\n<div class=\"wp-block-group is-vertical is-layout-flex wp-container-2\">\n<figure class=\"wp-block-image size-full\"><img decoding=\"async\" loading=\"lazy\" width=\"940\" height=\"788\" src=\"http:\/\/www.studiomuste.fi\/wp-content\/uploads\/2023\/09\/Tapahtumapainikkeet-7.png\" alt=\"\" class=\"wp-image-1065\" srcset=\"https:\/\/www.studiomuste.fi\/wp-content\/uploads\/2023\/09\/Tapahtumapainikkeet-7.png 940w, https:\/\/www.studiomuste.fi\/wp-content\/uploads\/2023\/09\/Tapahtumapainikkeet-7-300x251.png 300w, https:\/\/www.studiomuste.fi\/wp-content\/uploads\/2023\/09\/Tapahtumapainikkeet-7-768x644.png 768w\" sizes=\"(max-width: 940px) 100vw, 940px\" \/><\/figure>\n<\/div>\n\n\n\n<figure class=\"wp-block-image size-full\"><a href=\"https:\/\/www.studiomuste.fi\/?page_id=488\"><img decoding=\"async\" loading=\"lazy\" width=\"940\" height=\"320\" src=\"http:\/\/www.studiomuste.fi\/wp-content\/uploads\/2023\/09\/10.png\" alt=\"\" class=\"wp-image-1038\" srcset=\"https:\/\/www.studiomuste.fi\/wp-content\/uploads\/2023\/09\/10.png 940w, https:\/\/www.studiomuste.fi\/wp-content\/uploads\/2023\/09\/10-300x102.png 300w, https:\/\/www.studiomuste.fi\/wp-content\/uploads\/2023\/09\/10-768x261.png 768w\" sizes=\"(max-width: 940px) 100vw, 940px\" \/><\/a><\/figure>\n\n\n\n<figure class=\"wp-block-image size-full\"><a href=\"https:\/\/www.studiomuste.fi\/?page_id=364\"><img decoding=\"async\" loading=\"lazy\" width=\"940\" height=\"360\" src=\"https:\/\/www.studiomuste.fi\/wp-content\/uploads\/2023\/09\/Tapahtumapainikkeet-8-2.png\" alt=\"\" class=\"wp-image-1066\" srcset=\"https:\/\/www.studiomuste.fi\/wp-content\/uploads\/2023\/09\/Tapahtumapainikkeet-8-2.png 940w, https:\/\/www.studiomuste.fi\/wp-content\/uploads\/2023\/09\/Tapahtumapainikkeet-8-2-300x115.png 300w, https:\/\/www.studiomuste.fi\/wp-content\/uploads\/2023\/09\/Tapahtumapainikkeet-8-2-768x294.png 768w\" sizes=\"(max-width: 940px) 100vw, 940px\" \/><\/a><\/figure>\n<\/div>\n<\/div>\n\n\n\n<p><\/p>\n","protected":false},"excerpt":{"rendered":"<p>Tarjous: Nyt tammikuun lukupiirit vain 20\u20ac\/hl\u00f6! Oulu: Uusi ryhm\u00e4 alkaa sunnuntaina 21.1. klo 14.00-15.00Paikka: Oulun keskusta, paikka tarkentuu my\u00f6hemmin! Tapaamiset:su 21.1su 4.2.su 18.2.su 25.2. Tornio: Uusi ryhm\u00e4 alkaa tiistaina 16.1.2024 klo 17.00-18.00Paikka: Paikka tarkentuu my\u00f6hemmin! Tapaamiset:ti 16.1.ti 30.1.ti 13.2.ti 20.2.<\/p>\n","protected":false},"author":1,"featured_media":0,"parent":0,"menu_order":0,"comment_status":"closed","ping_status":"closed","template":"","meta":{"neve_meta_sidebar":"","neve_meta_container":"","neve_meta_enable_content_width":"","neve_meta_content_width":0,"neve_meta_title_alignment":"","neve_meta_author_avatar":"","neve_post_elements_order":"","neve_meta_disable_header":"","neve_meta_disable_footer":"","neve_meta_disable_title":""},"_links":{"self":[{"href":"https:\/\/www.studiomuste.fi\/index.php?rest_route=\/wp\/v2\/pages\/1064"}],"collection":[{"href":"https:\/\/www.studiomuste.fi\/index.php?rest_route=\/wp\/v2\/pages"}],"about":[{"href":"https:\/\/www.studiomuste.fi\/index.php?rest_route=\/wp\/v2\/types\/page"}],"author":[{"embeddable":true,"href":"https:\/\/www.studiomuste.fi\/index.php?rest_route=\/wp\/v2\/users\/1"}],"replies":[{"embeddable":true,"href":"https:\/\/www.studiomuste.fi\/index.php?rest_route=%2Fwp%2Fv2%2Fcomments&post=1064"}],"version-history":[{"count":5,"href":"https:\/\/www.studiomuste.fi\/index.php?rest_route=\/wp\/v2\/pages\/1064\/revisions"}],"predecessor-version":[{"id":1211,"href":"https:\/\/www.studiomuste.fi\/index.php?rest_route=\/wp\/v2\/pages\/1064\/revisions\/1211"}],"wp:attachment":[{"href":"https:\/\/www.studiomuste.fi\/index.php?rest_route=%2Fwp%2Fv2%2Fmedia&parent=1064"}],"curies":[{"name":"wp","href":"https:\/\/api.w.org\/{rel}","templated":true}]}}