{"id":1084,"date":"2023-09-14T11:48:12","date_gmt":"2023-09-14T11:48:12","guid":{"rendered":"https:\/\/www.studiomuste.fi\/?page_id=1084"},"modified":"2024-06-19T10:08:03","modified_gmt":"2024-06-19T10:08:03","slug":"alkavat-kirjoittamisen-lahikurssit","status":"publish","type":"page","link":"https:\/\/www.studiomuste.fi\/?page_id=1084","title":{"rendered":"Alkavat kirjoittamisen l\u00e4hikurssit:"},"content":{"rendered":"\n<p><br><\/p>\n\n\n\n<div class=\"wp-block-columns is-layout-flex wp-container-4\">\n<div class=\"wp-block-column is-layout-flow\">\n<h2 class=\"wp-block-heading\">Kemi:<\/h2>\n\n\n\n<p>Novellikurssi aloittelijoille<br>Aika: 3.7.2024 klo 13.00-16.00<br>Kurssin kesto: 3 tuntia<br>Omat kirjoitusv\u00e4lineet\/tietokone mukaan!<br>Hinta: 39\u20ac<br>Ilmoittautuminen viimeist\u00e4\u00e4n kaksi p\u00e4iv\u00e4\u00e4 ennen tapahtumaa!<br><br>Runokurssi aloittelijoille<br>Aika: 11.7.2024 klo 13.00-16.00<br>Kurssin kesto: 3 tuntia<br>Omat kirjoitusv\u00e4lineet\/tietokone mukaan!<br>Hinta: 39\u20ac<br>Ilmoittautuminen viimeist\u00e4\u00e4n kaksi p\u00e4iv\u00e4\u00e4 ennen tapahtumaa!<br><br><\/p>\n\n\n\n<h2 class=\"wp-block-heading\">Tornio:<\/h2>\n\n\n\n<p>Novellikurssi aloittelijoille<br>Aika: 10.7.2024 klo 13.00-16.00<br>Kurssin kesto: 3 tuntia<br>Omat kirjoitusv\u00e4lineet\/tietokone mukaan!<br>Hinta: 39\u20ac<br>Ilmoittautuminen viimeist\u00e4\u00e4n kaksi p\u00e4iv\u00e4\u00e4 ennen tapahtumaa!<br><br>Runokurssi aloittelijoille<br>Aika: 11.7.2024 klo 13.00-16.00<br>Kurssin kesto: 3 tuntia<br>Omat kirjoitusv\u00e4lineet\/tietokone mukaan!<br>Hinta: 39\u20ac<br>Ilmoittautuminen viimeist\u00e4\u00e4n kaksi p\u00e4iv\u00e4\u00e4 ennen tapahtumaa!<br><br><\/p>\n\n\n\n<h2 class=\"wp-block-heading\">Oulu:<\/h2>\n\n\n\n<p>Novellikurssi aloittelijoille<br>Aika: 4.7.2024 klo 13.00-16.00<br>Kurssin kesto: 3 tuntia<br>Omat kirjoitusv\u00e4lineet\/tietokone mukaan!<br>Hinta: 39\u20ac<br>Ilmoittautuminen viimeist\u00e4\u00e4n kaksi p\u00e4iv\u00e4\u00e4 ennen tapahtumaa!<br><\/p>\n<\/div>\n\n\n\n<div class=\"wp-block-column is-layout-flow\">\n<div class=\"wp-block-group is-vertical is-layout-flex wp-container-2\">\n<figure class=\"wp-block-image size-full\"><a href=\"https:\/\/www.studiomuste.fi\/?page_id=488\"><img decoding=\"async\" loading=\"lazy\" width=\"940\" height=\"320\" src=\"http:\/\/www.studiomuste.fi\/wp-content\/uploads\/2023\/09\/10.png\" alt=\"\" class=\"wp-image-1038\" srcset=\"https:\/\/www.studiomuste.fi\/wp-content\/uploads\/2023\/09\/10.png 940w, https:\/\/www.studiomuste.fi\/wp-content\/uploads\/2023\/09\/10-300x102.png 300w, https:\/\/www.studiomuste.fi\/wp-content\/uploads\/2023\/09\/10-768x261.png 768w\" sizes=\"(max-width: 940px) 100vw, 940px\" \/><\/a><\/figure>\n<\/div>\n\n\n\n<figure class=\"wp-block-image size-full\"><a href=\"https:\/\/www.studiomuste.fi\/?page_id=845\"><img decoding=\"async\" loading=\"lazy\" width=\"940\" height=\"360\" src=\"http:\/\/www.studiomuste.fi\/wp-content\/uploads\/2023\/09\/Tapahtumapainikkeet-13.png\" alt=\"\" class=\"wp-image-1085\" srcset=\"https:\/\/www.studiomuste.fi\/wp-content\/uploads\/2023\/09\/Tapahtumapainikkeet-13.png 940w, https:\/\/www.studiomuste.fi\/wp-content\/uploads\/2023\/09\/Tapahtumapainikkeet-13-300x115.png 300w, https:\/\/www.studiomuste.fi\/wp-content\/uploads\/2023\/09\/Tapahtumapainikkeet-13-768x294.png 768w\" sizes=\"(max-width: 940px) 100vw, 940px\" \/><\/a><\/figure>\n<\/div>\n<\/div>\n","protected":false},"excerpt":{"rendered":"<p>Kemi: Novellikurssi aloittelijoilleAika: 3.7.2024 klo 13.00-16.00Kurssin kesto: 3 tuntiaOmat kirjoitusv\u00e4lineet\/tietokone mukaan!Hinta: 39\u20acIlmoittautuminen viimeist\u00e4\u00e4n kaksi p\u00e4iv\u00e4\u00e4 ennen tapahtumaa! Runokurssi aloittelijoilleAika: 11.7.2024 klo 13.00-16.00Kurssin kesto: 3 tuntiaOmat kirjoitusv\u00e4lineet\/tietokone mukaan!Hinta: 39\u20acIlmoittautuminen viimeist\u00e4\u00e4n kaksi p\u00e4iv\u00e4\u00e4 ennen tapahtumaa! Tornio: Novellikurssi aloittelijoilleAika: 10.7.2024 klo 13.00-16.00Kurssin kesto: 3 tuntiaOmat kirjoitusv\u00e4lineet\/tietokone mukaan!Hinta: 39\u20acIlmoittautuminen viimeist\u00e4\u00e4n kaksi p\u00e4iv\u00e4\u00e4 ennen tapahtumaa! Runokurssi aloittelijoilleAika: 11.7.2024 klo 13.00-16.00Kurssin&hellip;&nbsp;<a href=\"https:\/\/www.studiomuste.fi\/?page_id=1084\" class=\"\" rel=\"bookmark\">Lue lis\u00e4\u00e4 &raquo;<span class=\"screen-reader-text\">Alkavat kirjoittamisen l\u00e4hikurssit:<\/span><\/a><\/p>\n","protected":false},"author":1,"featured_media":0,"parent":0,"menu_order":0,"comment_status":"closed","ping_status":"closed","template":"","meta":{"neve_meta_sidebar":"","neve_meta_container":"","neve_meta_enable_content_width":"","neve_meta_content_width":0,"neve_meta_title_alignment":"","neve_meta_author_avatar":"","neve_post_elements_order":"","neve_meta_disable_header":"","neve_meta_disable_footer":"","neve_meta_disable_title":""},"_links":{"self":[{"href":"https:\/\/www.studiomuste.fi\/index.php?rest_route=\/wp\/v2\/pages\/1084"}],"collection":[{"href":"https:\/\/www.studiomuste.fi\/index.php?rest_route=\/wp\/v2\/pages"}],"about":[{"href":"https:\/\/www.studiomuste.fi\/index.php?rest_route=\/wp\/v2\/types\/page"}],"author":[{"embeddable":true,"href":"https:\/\/www.studiomuste.fi\/index.php?rest_route=\/wp\/v2\/users\/1"}],"replies":[{"embeddable":true,"href":"https:\/\/www.studiomuste.fi\/index.php?rest_route=%2Fwp%2Fv2%2Fcomments&post=1084"}],"version-history":[{"count":9,"href":"https:\/\/www.studiomuste.fi\/index.php?rest_route=\/wp\/v2\/pages\/1084\/revisions"}],"predecessor-version":[{"id":1251,"href":"https:\/\/www.studiomuste.fi\/index.php?rest_route=\/wp\/v2\/pages\/1084\/revisions\/1251"}],"wp:attachment":[{"href":"https:\/\/www.studiomuste.fi\/index.php?rest_route=%2Fwp%2Fv2%2Fmedia&parent=1084"}],"curies":[{"name":"wp","href":"https:\/\/api.w.org\/{rel}","templated":true}]}}