{"id":338,"date":"2023-06-18T14:20:08","date_gmt":"2023-06-18T14:20:08","guid":{"rendered":"https:\/\/www.studiomuste.fi\/?page_id=338"},"modified":"2023-07-23T11:31:05","modified_gmt":"2023-07-23T11:31:05","slug":"write-soda","status":"publish","type":"page","link":"https:\/\/www.studiomuste.fi\/?page_id=338","title":{"rendered":"Write &#038; Soda"},"content":{"rendered":"\n<div class=\"wp-block-columns is-layout-flex wp-container-3\">\n<div class=\"wp-block-column is-layout-flow\">\n<p><\/p>\n\n\n\n<p>Lapsille suunnatussa Write &amp; Soda -tapahtumassa k\u00e4ymme kirjoittamisen kimppuun tarinallistamisen keinoin. K\u00e4yt\u00e4mme tarinankerronnan elementtej\u00e4 ja tekniikoita lasten omien tekstien luomisessa. N\u00e4in saadaan kirjoittamiseen mukaan erilaisia elementtej\u00e4, kuten dialogia ja henkil\u00f6hahmojen kehitt\u00e4mist\u00e4. Kertomuksesta tulee vaikuttavampi ja kiinnostavampi lukea, koska lukija pystyy el\u00e4ytym\u00e4\u00e4n tekstiin. Tietenkin my\u00f6s luemme tekstej\u00e4 \u00e4\u00e4neen.<\/p>\n\n\n\n<p>Write &amp; Soda -tilaisuudessa rohkaisemme lapsia k\u00e4ytt\u00e4m\u00e4\u00e4n mielikuvitustaan hyvin avoimesti. Lapset kehitt\u00e4v\u00e4t luovuuttaan kirjoittaessaan tarinoita tai keksiess\u00e4\u00e4n mielikuvituksellisia tapahtumia. He my\u00f6s rakastavat el\u00e4ytymist\u00e4 tarinan eri roolihahmoihin ja heid\u00e4n maailmoihinsa.<\/p>\n\n\n\n<p>Tilaisuus on hauska ja vapauttava kokemus, josta osallistujille j\u00e4\u00e4 hyv\u00e4 mieli. Lopputuloksena syntyneet itse kirjoitetut tarinat jokainen saa tietenkin my\u00f6s mukaansa. Kehit\u00e4mme kirjallista ilmaisua hauskapidon lomassa.<\/p>\n\n\n\n<p>Tuomme mukanamme kyni\u00e4 ja vihkoja. Ulkotilaisuuksiin otamme mukaan istuinalustat ja kertak\u00e4ytt\u00f6mukeja. Jokainen osallistuja tuo itse tilaisuuteen lempijuomansa.<\/p>\n\n\n\n<p><\/p>\n\n\n\n<h2 class=\"wp-block-heading\">Tilattuna omaan tapahtumaan<\/h2>\n\n\n\n<p>Puuttuuko syntt\u00e4reilt\u00e4 tai lastenjuhlista ohjelmanumero? Ei h\u00e4t\u00e4\u00e4, j\u00e4rjest\u00e4mme sellaisen! <br><br><a href=\"https:\/\/www.studiomuste.fi\/?page_id=901\" data-type=\"page\" data-id=\"901\">Pyyd\u00e4 tarjous!<\/a><br><br><\/p>\n<\/div>\n\n\n\n<div class=\"wp-block-column is-layout-flow\">\n<figure class=\"wp-block-image size-large\"><img decoding=\"async\" loading=\"lazy\" width=\"1024\" height=\"819\" src=\"https:\/\/www.studiomuste.fi\/wp-content\/uploads\/2023\/06\/6-2-1024x819.png\" alt=\"\" class=\"wp-image-517\" srcset=\"https:\/\/www.studiomuste.fi\/wp-content\/uploads\/2023\/06\/6-2-1024x819.png 1024w, https:\/\/www.studiomuste.fi\/wp-content\/uploads\/2023\/06\/6-2-300x240.png 300w, https:\/\/www.studiomuste.fi\/wp-content\/uploads\/2023\/06\/6-2-768x614.png 768w, https:\/\/www.studiomuste.fi\/wp-content\/uploads\/2023\/06\/6-2-1536x1229.png 1536w, https:\/\/www.studiomuste.fi\/wp-content\/uploads\/2023\/06\/6-2-2048x1638.png 2048w\" sizes=\"(max-width: 1024px) 100vw, 1024px\" \/><\/figure>\n<\/div>\n<\/div>\n","protected":false},"excerpt":{"rendered":"<p>Lapsille suunnatussa Write &amp; Soda -tapahtumassa k\u00e4ymme kirjoittamisen kimppuun tarinallistamisen keinoin. K\u00e4yt\u00e4mme tarinankerronnan elementtej\u00e4 ja tekniikoita lasten omien tekstien luomisessa. N\u00e4in saadaan kirjoittamiseen mukaan erilaisia elementtej\u00e4, kuten dialogia ja henkil\u00f6hahmojen kehitt\u00e4mist\u00e4. Kertomuksesta tulee vaikuttavampi ja kiinnostavampi lukea, koska lukija pystyy el\u00e4ytym\u00e4\u00e4n tekstiin. Tietenkin my\u00f6s luemme tekstej\u00e4 \u00e4\u00e4neen. Write &amp; Soda -tilaisuudessa rohkaisemme lapsia k\u00e4ytt\u00e4m\u00e4\u00e4n mielikuvitustaan&hellip;&nbsp;<a href=\"https:\/\/www.studiomuste.fi\/?page_id=338\" class=\"\" rel=\"bookmark\">Lue lis\u00e4\u00e4 &raquo;<span class=\"screen-reader-text\">Write &#038; Soda<\/span><\/a><\/p>\n","protected":false},"author":1,"featured_media":0,"parent":0,"menu_order":0,"comment_status":"closed","ping_status":"closed","template":"","meta":{"neve_meta_sidebar":"","neve_meta_container":"","neve_meta_enable_content_width":"","neve_meta_content_width":0,"neve_meta_title_alignment":"left","neve_meta_author_avatar":"","neve_post_elements_order":"","neve_meta_disable_header":"","neve_meta_disable_footer":"","neve_meta_disable_title":""},"_links":{"self":[{"href":"https:\/\/www.studiomuste.fi\/index.php?rest_route=\/wp\/v2\/pages\/338"}],"collection":[{"href":"https:\/\/www.studiomuste.fi\/index.php?rest_route=\/wp\/v2\/pages"}],"about":[{"href":"https:\/\/www.studiomuste.fi\/index.php?rest_route=\/wp\/v2\/types\/page"}],"author":[{"embeddable":true,"href":"https:\/\/www.studiomuste.fi\/index.php?rest_route=\/wp\/v2\/users\/1"}],"replies":[{"embeddable":true,"href":"https:\/\/www.studiomuste.fi\/index.php?rest_route=%2Fwp%2Fv2%2Fcomments&post=338"}],"version-history":[{"count":14,"href":"https:\/\/www.studiomuste.fi\/index.php?rest_route=\/wp\/v2\/pages\/338\/revisions"}],"predecessor-version":[{"id":934,"href":"https:\/\/www.studiomuste.fi\/index.php?rest_route=\/wp\/v2\/pages\/338\/revisions\/934"}],"wp:attachment":[{"href":"https:\/\/www.studiomuste.fi\/index.php?rest_route=%2Fwp%2Fv2%2Fmedia&parent=338"}],"curies":[{"name":"wp","href":"https:\/\/api.w.org\/{rel}","templated":true}]}}