{"id":343,"date":"2023-06-18T14:22:03","date_gmt":"2023-06-18T14:22:03","guid":{"rendered":"https:\/\/www.studiomuste.fi\/?page_id=343"},"modified":"2023-07-23T11:29:23","modified_gmt":"2023-07-23T11:29:23","slug":"write-wine-2","status":"publish","type":"page","link":"https:\/\/www.studiomuste.fi\/?page_id=343","title":{"rendered":"Write &#038; Wine"},"content":{"rendered":"\n<div class=\"wp-block-columns is-layout-flex wp-container-3\">\n<div class=\"wp-block-column is-layout-flow\">\n<p><\/p>\n\n\n\n<p>Avoimissa Write &amp; Wine -tapahtumissa p\u00e4\u00e4set kokeilemaan ammattilaisten ohjauksessa erilaisia kaunokirjallisuuden tekstilajeja. Sinulla ei tarvitse olla mit\u00e4\u00e4n kokemusta kirjoittamisesta tai voit olla jo puoliammattilainen. Tilaisuus on hauska, rento ja inspiroiva hetki omaa aikaa. Vertaistuen sek\u00e4 ohjaajien vinkkien ja ty\u00f6kalujen avulla vapaudut my\u00f6s mahdollisista kirjoittamisen lukoista.<\/p>\n\n\n\n<p>Tuo mukanasi omaa lempiviini\u00e4si, sill\u00e4 viinin nauttiminen on osa tapahtumaa. Hyv\u00e4 viini auttaa osallistujia helpommin jakamaan luovia ajatuksiaan, saamaan inspiraatiota toisilta osallistujilta, nauttimaan hyv\u00e4st\u00e4 seurasta ja tutustumaan uusiin sielunsisariin. My\u00f6s alkoholittomalla viinill\u00e4 p\u00e4\u00e4set sis\u00e4\u00e4n.<\/p>\n\n\n\n<p>Huom! Kun olemme ravintoloiden tai kahviloiden tiloissa, silloin omia juomia ei saa tuoda mukanaan, vaan jokainen tilaa haluamansa juoman tiskilt\u00e4.<\/p>\n\n\n\n<p>Me tarjoamme kyni\u00e4 ja paperia. Ulkotapahtumiin otamme mukaan istuinalustat ja kertak\u00e4ytt\u00f6viinilasit. Voit halutessasi ottaa omat kirjoittamisen v\u00e4lineet mukaan. \u00c4l\u00e4 unohda kotiin avointa ja iloista mielt\u00e4!<\/p>\n\n\n\n<h2 class=\"wp-block-heading\"><strong>Tilattuna<\/strong> omaan tapahtumaan<\/h2>\n\n\n\n<p>Puuttuuko polttareista, syntt\u00e4reilt\u00e4, tupaantuliaisista, henkil\u00f6st\u00f6n virkistysillasta tai muusta tapahtumastasi ohjelmanumero? Me j\u00e4rjest\u00e4mme sellaisen!<br><br>Write &amp; Wine -tapahtumissa p\u00e4\u00e4sette kirjoittamaan omalla porukallanne ammattilaisten ohjauksessa! Voitte itse p\u00e4\u00e4tt\u00e4\u00e4 tekstilajin tai j\u00e4tt\u00e4\u00e4 koko ohjelmanumeron meid\u00e4n suunniteltavaksemme. Voitte vaikkapa antaa tietyn teeman, mink\u00e4 pohjalta kirjoitetaan. Mit\u00e4\u00e4n aikaisempaa kirjoituskokemusta ei tarvita, ainoastaan avointa mielt\u00e4 ja iloista asennetta. Tilaisuus on hauska, rento ja inspiroiva hetki yhdess\u00e4 oman porukkasi kanssa.<\/p>\n\n\n\n<p>Viinin nauttiminen on osa tapahtumaa. Hyv\u00e4 viini helpottaa osallistujia jakamaan kesken\u00e4\u00e4n luovia ajatuksiaan, saamaan inspiraatiota toisiltaan, nauttimaan toistensa seurasta ja mahdollisesti tutustumaan uusiin ihmisiin. Emme aseta mit\u00e4\u00e4n prosenttirajaa viinillenne, sen saatte p\u00e4\u00e4tt\u00e4\u00e4 itse.<br><br><a href=\"https:\/\/www.studiomuste.fi\/?page_id=901\" data-type=\"page\" data-id=\"901\">Pyyd\u00e4 tarjous!<\/a><\/p>\n\n\n\n<p><a href=\"https:\/\/www.studiomuste.fi\/?page_id=674\" data-type=\"page\" data-id=\"674\">S\u00e4\u00e4nn\u00f6t<\/a><br><br><\/p>\n<\/div>\n\n\n\n<div class=\"wp-block-column is-layout-flow\">\n<figure class=\"wp-block-image size-large\"><img decoding=\"async\" loading=\"lazy\" width=\"1024\" height=\"819\" src=\"https:\/\/www.studiomuste.fi\/wp-content\/uploads\/2023\/06\/11-1024x819.png\" alt=\"\" class=\"wp-image-515\" srcset=\"https:\/\/www.studiomuste.fi\/wp-content\/uploads\/2023\/06\/11-1024x819.png 1024w, https:\/\/www.studiomuste.fi\/wp-content\/uploads\/2023\/06\/11-300x240.png 300w, https:\/\/www.studiomuste.fi\/wp-content\/uploads\/2023\/06\/11-768x614.png 768w, https:\/\/www.studiomuste.fi\/wp-content\/uploads\/2023\/06\/11-1536x1229.png 1536w, https:\/\/www.studiomuste.fi\/wp-content\/uploads\/2023\/06\/11-2048x1638.png 2048w\" sizes=\"(max-width: 1024px) 100vw, 1024px\" \/><\/figure>\n<\/div>\n<\/div>\n","protected":false},"excerpt":{"rendered":"<p>Avoimissa Write &amp; Wine -tapahtumissa p\u00e4\u00e4set kokeilemaan ammattilaisten ohjauksessa erilaisia kaunokirjallisuuden tekstilajeja. Sinulla ei tarvitse olla mit\u00e4\u00e4n kokemusta kirjoittamisesta tai voit olla jo puoliammattilainen. Tilaisuus on hauska, rento ja inspiroiva hetki omaa aikaa. Vertaistuen sek\u00e4 ohjaajien vinkkien ja ty\u00f6kalujen avulla vapaudut my\u00f6s mahdollisista kirjoittamisen lukoista. Tuo mukanasi omaa lempiviini\u00e4si, sill\u00e4 viinin nauttiminen on osa tapahtumaa.&hellip;&nbsp;<a href=\"https:\/\/www.studiomuste.fi\/?page_id=343\" class=\"\" rel=\"bookmark\">Lue lis\u00e4\u00e4 &raquo;<span class=\"screen-reader-text\">Write &#038; Wine<\/span><\/a><\/p>\n","protected":false},"author":1,"featured_media":0,"parent":0,"menu_order":0,"comment_status":"closed","ping_status":"closed","template":"","meta":{"neve_meta_sidebar":"","neve_meta_container":"","neve_meta_enable_content_width":"","neve_meta_content_width":0,"neve_meta_title_alignment":"","neve_meta_author_avatar":"","neve_post_elements_order":"","neve_meta_disable_header":"","neve_meta_disable_footer":"","neve_meta_disable_title":""},"_links":{"self":[{"href":"https:\/\/www.studiomuste.fi\/index.php?rest_route=\/wp\/v2\/pages\/343"}],"collection":[{"href":"https:\/\/www.studiomuste.fi\/index.php?rest_route=\/wp\/v2\/pages"}],"about":[{"href":"https:\/\/www.studiomuste.fi\/index.php?rest_route=\/wp\/v2\/types\/page"}],"author":[{"embeddable":true,"href":"https:\/\/www.studiomuste.fi\/index.php?rest_route=\/wp\/v2\/users\/1"}],"replies":[{"embeddable":true,"href":"https:\/\/www.studiomuste.fi\/index.php?rest_route=%2Fwp%2Fv2%2Fcomments&post=343"}],"version-history":[{"count":9,"href":"https:\/\/www.studiomuste.fi\/index.php?rest_route=\/wp\/v2\/pages\/343\/revisions"}],"predecessor-version":[{"id":933,"href":"https:\/\/www.studiomuste.fi\/index.php?rest_route=\/wp\/v2\/pages\/343\/revisions\/933"}],"wp:attachment":[{"href":"https:\/\/www.studiomuste.fi\/index.php?rest_route=%2Fwp%2Fv2%2Fmedia&parent=343"}],"curies":[{"name":"wp","href":"https:\/\/api.w.org\/{rel}","templated":true}]}}