{"id":352,"date":"2023-06-18T14:26:27","date_gmt":"2023-06-18T14:26:27","guid":{"rendered":"https:\/\/www.studiomuste.fi\/?page_id=352"},"modified":"2023-07-23T10:35:50","modified_gmt":"2023-07-23T10:35:50","slug":"kirjoittamisen-digikurssit","status":"publish","type":"page","link":"https:\/\/www.studiomuste.fi\/?page_id=352","title":{"rendered":"Kirjoittamisen digikurssit"},"content":{"rendered":"\n<div class=\"wp-block-columns is-layout-flex wp-container-3\">\n<div class=\"wp-block-column is-layout-flow\">\n<p><\/p>\n\n\n\n<p>Haluatko oppia kirjoittamaan runoja tai novellia? Ehk\u00e4p\u00e4 haluaisit aloittaa oman blogin tai keittokirjan kirjoittamisen? Voi olla, ett\u00e4 aloittaminen t\u00f6kkii, tietoa ei oikein ole, tyhj\u00e4n paperin syndrooma vaivaa tai aikataulu ei koskaan anna my\u00f6ten &#8211; kuulostaako tutulta?<\/p>\n\n\n\n<p>Kirjoittamisen digikursseilla p\u00e4\u00e4set varmasti alkuun. Saat tietoa ja ohjeita ammattilaisilta ihan aiheen valinnasta l\u00e4htien ja p\u00e4\u00e4set etenem\u00e4\u00e4n omaan tahtiisi haluttuun lopputulokseen. Kurssilla saat avuksesi ty\u00f6kirjan, jota t\u00e4ytt\u00e4m\u00e4ll\u00e4 tulos on taattu.<\/p>\n\n\n\n<p>Ty\u00f6skentely on itsen\u00e4ist\u00e4 ty\u00f6t\u00e4, mutta kurssilla on my\u00f6s ohjaajien kanssa kaksi keskusteluteht\u00e4v\u00e4\u00e4, joihin voi halutessaan osallistua. N\u00e4iss\u00e4 saat apua ja kommentointia ty\u00f6h\u00f6si liittyen.<\/p>\n\n\n\n<p>Teemme kursseja tarjolle kysynn\u00e4n mukaan. Laita siis toiveitasi tulemaan!<br><br><\/p>\n<\/div>\n\n\n\n<div class=\"wp-block-column is-layout-flow\">\n<figure class=\"wp-block-image size-large\"><img decoding=\"async\" loading=\"lazy\" width=\"1024\" height=\"819\" src=\"https:\/\/www.studiomuste.fi\/wp-content\/uploads\/2023\/06\/5-1024x819.png\" alt=\"\" class=\"wp-image-525\" srcset=\"https:\/\/www.studiomuste.fi\/wp-content\/uploads\/2023\/06\/5-1024x819.png 1024w, https:\/\/www.studiomuste.fi\/wp-content\/uploads\/2023\/06\/5-300x240.png 300w, https:\/\/www.studiomuste.fi\/wp-content\/uploads\/2023\/06\/5-768x614.png 768w, https:\/\/www.studiomuste.fi\/wp-content\/uploads\/2023\/06\/5-1536x1229.png 1536w, https:\/\/www.studiomuste.fi\/wp-content\/uploads\/2023\/06\/5-2048x1638.png 2048w\" sizes=\"(max-width: 1024px) 100vw, 1024px\" \/><\/figure>\n<\/div>\n<\/div>\n","protected":false},"excerpt":{"rendered":"<p>Haluatko oppia kirjoittamaan runoja tai novellia? Ehk\u00e4p\u00e4 haluaisit aloittaa oman blogin tai keittokirjan kirjoittamisen? Voi olla, ett\u00e4 aloittaminen t\u00f6kkii, tietoa ei oikein ole, tyhj\u00e4n paperin syndrooma vaivaa tai aikataulu ei koskaan anna my\u00f6ten &#8211; kuulostaako tutulta? Kirjoittamisen digikursseilla p\u00e4\u00e4set varmasti alkuun. Saat tietoa ja ohjeita ammattilaisilta ihan aiheen valinnasta l\u00e4htien ja p\u00e4\u00e4set etenem\u00e4\u00e4n omaan tahtiisi&hellip;&nbsp;<a href=\"https:\/\/www.studiomuste.fi\/?page_id=352\" class=\"\" rel=\"bookmark\">Lue lis\u00e4\u00e4 &raquo;<span class=\"screen-reader-text\">Kirjoittamisen digikurssit<\/span><\/a><\/p>\n","protected":false},"author":1,"featured_media":0,"parent":0,"menu_order":0,"comment_status":"closed","ping_status":"closed","template":"","meta":{"neve_meta_sidebar":"","neve_meta_container":"","neve_meta_enable_content_width":"","neve_meta_content_width":0,"neve_meta_title_alignment":"","neve_meta_author_avatar":"","neve_post_elements_order":"","neve_meta_disable_header":"","neve_meta_disable_footer":"","neve_meta_disable_title":""},"_links":{"self":[{"href":"https:\/\/www.studiomuste.fi\/index.php?rest_route=\/wp\/v2\/pages\/352"}],"collection":[{"href":"https:\/\/www.studiomuste.fi\/index.php?rest_route=\/wp\/v2\/pages"}],"about":[{"href":"https:\/\/www.studiomuste.fi\/index.php?rest_route=\/wp\/v2\/types\/page"}],"author":[{"embeddable":true,"href":"https:\/\/www.studiomuste.fi\/index.php?rest_route=\/wp\/v2\/users\/1"}],"replies":[{"embeddable":true,"href":"https:\/\/www.studiomuste.fi\/index.php?rest_route=%2Fwp%2Fv2%2Fcomments&post=352"}],"version-history":[{"count":8,"href":"https:\/\/www.studiomuste.fi\/index.php?rest_route=\/wp\/v2\/pages\/352\/revisions"}],"predecessor-version":[{"id":898,"href":"https:\/\/www.studiomuste.fi\/index.php?rest_route=\/wp\/v2\/pages\/352\/revisions\/898"}],"wp:attachment":[{"href":"https:\/\/www.studiomuste.fi\/index.php?rest_route=%2Fwp%2Fv2%2Fmedia&parent=352"}],"curies":[{"name":"wp","href":"https:\/\/api.w.org\/{rel}","templated":true}]}}