{"id":364,"date":"2023-06-18T14:49:27","date_gmt":"2023-06-18T14:49:27","guid":{"rendered":"https:\/\/www.studiomuste.fi\/?page_id=364"},"modified":"2023-06-27T12:20:00","modified_gmt":"2023-06-27T12:20:00","slug":"lukupiirit","status":"publish","type":"page","link":"https:\/\/www.studiomuste.fi\/?page_id=364","title":{"rendered":"Lukupiirit"},"content":{"rendered":"\n<div class=\"wp-block-columns is-layout-flex wp-container-3\">\n<div class=\"wp-block-column is-layout-flow\">\n<p><\/p>\n\n\n\n<p>Kirjojen lukeminen on parasta, mutta niin on my\u00f6s niist\u00e4 keskusteleminen samanhenkisten ihmisten kanssa! Jokainen kokee kirjan omalla tavallaan, joten keskustellessa huomaat, miten monella eri tavalla saman kirjan voikaan lukea. Ohjaajat valitsevat lukupiiriss\u00e4 luettavat kirjat.<\/p>\n\n\n\n<p>Toimimme lukupiireiss\u00e4 vet\u00e4jin\u00e4, mutta tarkoitus on, ett\u00e4 ryhm\u00e4l\u00e4iset tutustuvat toisiinsa ja lukukokemuksista voidaan keskustella vapautuneesti. Emme vaadi ket\u00e4\u00e4n puhumaan, mutta toivomme, ett\u00e4 kaikki osallistuvat.<\/p>\n\n\n\n<p>Ryhm\u00e4t eiv\u00e4t ole suuria. Yhden teoksen lukemiseen varataan kolme viikkoa aikaa, jonka j\u00e4lkeen kokoonnutaan keskustelemaan kirjasta ja p\u00e4\u00e4tet\u00e4\u00e4n uusi kirja. Ryhm\u00e4 kokoontuu nelj\u00e4n kirjan verran, mutta ryhm\u00e4l\u00e4isten niin halutessa voimme jatkaa lukupiiri\u00e4.<\/p>\n<\/div>\n\n\n\n<div class=\"wp-block-column is-layout-flow\">\n<figure class=\"wp-block-image size-large\"><img decoding=\"async\" loading=\"lazy\" width=\"1024\" height=\"819\" src=\"https:\/\/www.studiomuste.fi\/wp-content\/uploads\/2023\/06\/7-2-1024x819.png\" alt=\"\" class=\"wp-image-519\" srcset=\"https:\/\/www.studiomuste.fi\/wp-content\/uploads\/2023\/06\/7-2-1024x819.png 1024w, https:\/\/www.studiomuste.fi\/wp-content\/uploads\/2023\/06\/7-2-300x240.png 300w, https:\/\/www.studiomuste.fi\/wp-content\/uploads\/2023\/06\/7-2-768x614.png 768w, https:\/\/www.studiomuste.fi\/wp-content\/uploads\/2023\/06\/7-2-1536x1229.png 1536w, https:\/\/www.studiomuste.fi\/wp-content\/uploads\/2023\/06\/7-2-2048x1638.png 2048w\" sizes=\"(max-width: 1024px) 100vw, 1024px\" \/><\/figure>\n<\/div>\n<\/div>\n","protected":false},"excerpt":{"rendered":"<p>Kirjojen lukeminen on parasta, mutta niin on my\u00f6s niist\u00e4 keskusteleminen samanhenkisten ihmisten kanssa! Jokainen kokee kirjan omalla tavallaan, joten keskustellessa huomaat, miten monella eri tavalla saman kirjan voikaan lukea. Ohjaajat valitsevat lukupiiriss\u00e4 luettavat kirjat. Toimimme lukupiireiss\u00e4 vet\u00e4jin\u00e4, mutta tarkoitus on, ett\u00e4 ryhm\u00e4l\u00e4iset tutustuvat toisiinsa ja lukukokemuksista voidaan keskustella vapautuneesti. Emme vaadi ket\u00e4\u00e4n puhumaan, mutta toivomme,&hellip;&nbsp;<a href=\"https:\/\/www.studiomuste.fi\/?page_id=364\" class=\"\" rel=\"bookmark\">Lue lis\u00e4\u00e4 &raquo;<span class=\"screen-reader-text\">Lukupiirit<\/span><\/a><\/p>\n","protected":false},"author":1,"featured_media":0,"parent":0,"menu_order":0,"comment_status":"closed","ping_status":"closed","template":"","meta":{"neve_meta_sidebar":"","neve_meta_container":"","neve_meta_enable_content_width":"","neve_meta_content_width":0,"neve_meta_title_alignment":"","neve_meta_author_avatar":"","neve_post_elements_order":"","neve_meta_disable_header":"","neve_meta_disable_footer":"","neve_meta_disable_title":""},"_links":{"self":[{"href":"https:\/\/www.studiomuste.fi\/index.php?rest_route=\/wp\/v2\/pages\/364"}],"collection":[{"href":"https:\/\/www.studiomuste.fi\/index.php?rest_route=\/wp\/v2\/pages"}],"about":[{"href":"https:\/\/www.studiomuste.fi\/index.php?rest_route=\/wp\/v2\/types\/page"}],"author":[{"embeddable":true,"href":"https:\/\/www.studiomuste.fi\/index.php?rest_route=\/wp\/v2\/users\/1"}],"replies":[{"embeddable":true,"href":"https:\/\/www.studiomuste.fi\/index.php?rest_route=%2Fwp%2Fv2%2Fcomments&post=364"}],"version-history":[{"count":5,"href":"https:\/\/www.studiomuste.fi\/index.php?rest_route=\/wp\/v2\/pages\/364\/revisions"}],"predecessor-version":[{"id":606,"href":"https:\/\/www.studiomuste.fi\/index.php?rest_route=\/wp\/v2\/pages\/364\/revisions\/606"}],"wp:attachment":[{"href":"https:\/\/www.studiomuste.fi\/index.php?rest_route=%2Fwp%2Fv2%2Fmedia&parent=364"}],"curies":[{"name":"wp","href":"https:\/\/api.w.org\/{rel}","templated":true}]}}