{"id":394,"date":"2023-06-18T15:36:54","date_gmt":"2023-06-18T15:36:54","guid":{"rendered":"https:\/\/www.studiomuste.fi\/?page_id=394"},"modified":"2023-06-27T11:21:59","modified_gmt":"2023-06-27T11:21:59","slug":"oikoluku-ja-tarkistustyot","status":"publish","type":"page","link":"https:\/\/www.studiomuste.fi\/?page_id=394","title":{"rendered":"Oikoluku ja tarkistusty\u00f6t"},"content":{"rendered":"\n<div class=\"wp-block-columns is-layout-flex wp-container-3\">\n<div class=\"wp-block-column is-layout-flow\">\n<p><\/p>\n\n\n\n<p>Omalle tekstilleen tulee usein sokeaksi. Mit\u00e4 enemm\u00e4n teksti\u00e4ns\u00e4 tuijottaa sit\u00e4 pahemmaksi tilanne muuttuu. Suomen kieli on melko monimutkainen kieli, s\u00e4\u00e4nt\u00f6j\u00e4 on paljon. Kokeneellekin kirjoittajalle saattaa sattua n\u00e4pp\u00e4ilyvirheit\u00e4.<\/p>\n\n\n\n<p>Pahinta on, jos kirjoitat julkista teksti\u00e4 (esimerkiksi yrityksen nettisivuille, uutiskirjeeseen, blogiin\u2026) ja teksti on t\u00e4ynn\u00e4 virheit\u00e4. Lukih\u00e4iri\u00f6 on yleinen ja selitt\u00e4\u00e4 paljon virheit\u00e4, mutta virheet eiv\u00e4t kuitenkaan saa j\u00e4\u00e4d\u00e4 n\u00e4kyviin. Teksti kannattaa oikoluetuttaa ammattilaisella l\u00e4pi, ja siin\u00e4 me voimme auttaa.<\/p>\n\n\n\n<p>Emme s\u00e4ik\u00e4hd\u00e4 isoja emmek\u00e4 pieni\u00e4 urakoita, vaan k\u00e4ymme kaiken materiaalin kimppuun. Voit siis pyyt\u00e4\u00e4 tarjousta vaikkapa yhden opinn\u00e4ytety\u00f6n tarkistuksesta tai laajasta, koko yrityksen tiedotusta koskevasta projektista.<\/p>\n\n\n\n<p>Annamme mielell\u00e4mme virheille kyyti\u00e4!<\/p>\n<\/div>\n\n\n\n<div class=\"wp-block-column is-layout-flow\">\n<figure class=\"wp-block-image size-large\"><img decoding=\"async\" loading=\"lazy\" width=\"2500\" height=\"2000\" src=\"https:\/\/www.studiomuste.fi\/wp-content\/uploads\/2023\/06\/9-1024x819.png\" alt=\"\" class=\"wp-image-521\" srcset=\"https:\/\/www.studiomuste.fi\/wp-content\/uploads\/2023\/06\/9-1024x819.png 1024w, https:\/\/www.studiomuste.fi\/wp-content\/uploads\/2023\/06\/9-300x240.png 300w, https:\/\/www.studiomuste.fi\/wp-content\/uploads\/2023\/06\/9-768x614.png 768w, https:\/\/www.studiomuste.fi\/wp-content\/uploads\/2023\/06\/9-1536x1229.png 1536w, https:\/\/www.studiomuste.fi\/wp-content\/uploads\/2023\/06\/9-2048x1638.png 2048w\" sizes=\"(max-width: 2500px) 100vw, 2500px\" \/><\/figure>\n<\/div>\n<\/div>\n","protected":false},"excerpt":{"rendered":"<p>Omalle tekstilleen tulee usein sokeaksi. Mit\u00e4 enemm\u00e4n teksti\u00e4ns\u00e4 tuijottaa sit\u00e4 pahemmaksi tilanne muuttuu. Suomen kieli on melko monimutkainen kieli, s\u00e4\u00e4nt\u00f6j\u00e4 on paljon. Kokeneellekin kirjoittajalle saattaa sattua n\u00e4pp\u00e4ilyvirheit\u00e4. Pahinta on, jos kirjoitat julkista teksti\u00e4 (esimerkiksi yrityksen nettisivuille, uutiskirjeeseen, blogiin\u2026) ja teksti on t\u00e4ynn\u00e4 virheit\u00e4. Lukih\u00e4iri\u00f6 on yleinen ja selitt\u00e4\u00e4 paljon virheit\u00e4, mutta virheet eiv\u00e4t kuitenkaan saa&hellip;&nbsp;<a href=\"https:\/\/www.studiomuste.fi\/?page_id=394\" class=\"\" rel=\"bookmark\">Lue lis\u00e4\u00e4 &raquo;<span class=\"screen-reader-text\">Oikoluku ja tarkistusty\u00f6t<\/span><\/a><\/p>\n","protected":false},"author":1,"featured_media":0,"parent":0,"menu_order":0,"comment_status":"closed","ping_status":"closed","template":"","meta":{"neve_meta_sidebar":"","neve_meta_container":"","neve_meta_enable_content_width":"","neve_meta_content_width":0,"neve_meta_title_alignment":"","neve_meta_author_avatar":"","neve_post_elements_order":"","neve_meta_disable_header":"","neve_meta_disable_footer":"","neve_meta_disable_title":""},"_links":{"self":[{"href":"https:\/\/www.studiomuste.fi\/index.php?rest_route=\/wp\/v2\/pages\/394"}],"collection":[{"href":"https:\/\/www.studiomuste.fi\/index.php?rest_route=\/wp\/v2\/pages"}],"about":[{"href":"https:\/\/www.studiomuste.fi\/index.php?rest_route=\/wp\/v2\/types\/page"}],"author":[{"embeddable":true,"href":"https:\/\/www.studiomuste.fi\/index.php?rest_route=\/wp\/v2\/users\/1"}],"replies":[{"embeddable":true,"href":"https:\/\/www.studiomuste.fi\/index.php?rest_route=%2Fwp%2Fv2%2Fcomments&post=394"}],"version-history":[{"count":3,"href":"https:\/\/www.studiomuste.fi\/index.php?rest_route=\/wp\/v2\/pages\/394\/revisions"}],"predecessor-version":[{"id":593,"href":"https:\/\/www.studiomuste.fi\/index.php?rest_route=\/wp\/v2\/pages\/394\/revisions\/593"}],"wp:attachment":[{"href":"https:\/\/www.studiomuste.fi\/index.php?rest_route=%2Fwp%2Fv2%2Fmedia&parent=394"}],"curies":[{"name":"wp","href":"https:\/\/api.w.org\/{rel}","templated":true}]}}