{"id":447,"date":"2023-06-18T17:00:59","date_gmt":"2023-06-18T17:00:59","guid":{"rendered":"https:\/\/www.studiomuste.fi\/?page_id=447"},"modified":"2023-06-29T16:37:06","modified_gmt":"2023-06-29T16:37:06","slug":"studio-muste-oy","status":"publish","type":"page","link":"https:\/\/www.studiomuste.fi\/?page_id=447","title":{"rendered":"Studio Muste Oy"},"content":{"rendered":"\n<div class=\"wp-block-columns is-layout-flex wp-container-3\">\n<div class=\"wp-block-column has-neve-link-color-color has-text-color is-layout-flow\">\n<hr class=\"wp-block-separator has-alpha-channel-opacity\"\/>\n<\/div>\n\n\n\n<div class=\"wp-block-column is-layout-flow\"><\/div>\n<\/div>\n\n\n\n<div class=\"wp-block-columns is-not-stacked-on-mobile is-layout-flex wp-container-6\">\n<div class=\"wp-block-column is-layout-flow\" style=\"flex-basis:750px\">\n<p>Studio Muste Oy on sinulle, joka haluat kirjoittaa, aloittaa kirjoittamisen, oppia uutta, pit\u00e4\u00e4 hauskaa tai kouluttaa esimerkiksi yrityksen henkil\u00f6kuntaa. Haluamme kirjoitusharrastuksen pulpahtavan pintaan ihan jokaisella, ja haluamme tehd\u00e4 kirjoitus- ja lukukokemuksista my\u00f6s sosiaalisia tapahtumia. Kirjoittaminen ja lukeminen on hauskaa ja inspiroivaa yksin ja yhdess\u00e4.<\/p>\n\n\n\n<p>Haluamme my\u00f6s auttaa yrityksi\u00e4 kouluttamaan henkil\u00f6kuntaansa joko meid\u00e4n johdollamme tai itsen\u00e4isesti teht\u00e4v\u00e4pakettiemme avulla. Yritysviestint\u00e4 on pienillekin yrityksille t\u00e4rke\u00e4 hallita. Yritys voisi hy\u00f6ty\u00e4 omasta blogista tai t\u00e4sm\u00e4llisest\u00e4 julkisuuskuvasuunnittelusta. Voimme rakentaa haluamaanne julkisuutta suunnitelmallisesti.<\/p>\n\n\n\n<p>Puutumme mielell\u00e4mme kirjoitusvirheisiin. Oikoluvut ja kielenkorjausty\u00f6t ovat ominta alaamme, ja siksi tarjoammekin n\u00e4it\u00e4 palveluita ihan pienist\u00e4 t\u00f6ist\u00e4 suuriin kokonaisuuksiin. Kunnollinen kirjoittaminen ja kielen hallinta on kunnianosoitus lukijaa kohtaan. Lukija voi olla opettaja tai asiakas &#8211; mik\u00e4 kenell\u00e4kin. Voit siis kysy\u00e4 yksitt\u00e4isen opinn\u00e4ytety\u00f6nkin oikolukua, me hoidamme.<\/p>\n\n\n\n<p>Yritysten virkistysp\u00e4iviin, polttareihin tai syntt\u00e4reille meill\u00e4 on aina ohjelmaa! Suositut Write &amp; Wine \u2013tapahtumat voi tilata tilaisuuteen kuin tilaisuuteen. Emme halua sulkea ket\u00e4\u00e4n pois t\u00e4st\u00e4 hy\u00f6dyllisest\u00e4, mutta hauskasta konseptista, siksi j\u00e4rjest\u00e4mme lapsille omia Write &amp; Soda \u2013tapahtumia. Tilauskeikkojen lis\u00e4ksi pid\u00e4mme avoimia tilaisuuksia, mihin yksitt\u00e4iset henkil\u00f6t p\u00e4\u00e4sev\u00e4t osallistumaan. Mik\u00e4p\u00e4 olisi parempi tapa viett\u00e4\u00e4 perjantai-iltaa, kun ottaa viinipullo kainaloon ja hakeutua uusien tuttavuuksien joukkoon nauttimaan illasta.<\/p>\n\n\n\n<p>Kirjojen lukeminen on parasta, mutta hyv\u00e4n\u00e4 kakkosena tulee kirjoista puhuminen. J\u00e4rjest\u00e4mme lukupiirej\u00e4, joissa p\u00e4\u00e4semme jakamaan lukukokemuksia samanhenkisten ihmisten kanssa. T\u00e4m\u00e4 avartaa jokaisen mielt\u00e4, se on varma. Miten monella tapaa tarinan voikaan ymm\u00e4rt\u00e4\u00e4 ja kokea. Lukeminen on usein hyvin yksin\u00e4inen harrastus, mutta lukupiirit tekev\u00e4t siit\u00e4 sosiaalisen. Alkuun voi vain kuunnella, mutta loppujen lopuksi kukaan ei pysty istumaan hiljaa, kun saman harrastuksen jakavat ihmiset alkavat keskustella kirjoista. Suosittelemme kokeilemaan!<\/p>\n\n\n\n<p>Perustimme Studio Musteen siis sinulle, joka haluat kirjoittaa, lukea ja puhua ammattilaisten ohjauksessa. Studio Muste on perustettu my\u00f6s sinulle, joka tarvitset apua omien t\u00f6idesi suhteen tai yrityksen julkisuuskuvan tai henkil\u00f6st\u00f6n osaamisen suhteen. Ja tietenkin sinulle, joka haluat nauttia el\u00e4m\u00e4st\u00e4!<\/p>\n<\/div>\n\n\n\n<div class=\"wp-block-column is-layout-flow\" style=\"flex-basis:500px\"><div class=\"wp-block-image\">\n<figure class=\"aligncenter size-large is-resized\"><img decoding=\"async\" loading=\"lazy\" src=\"https:\/\/www.studiomuste.fi\/wp-content\/uploads\/2023\/06\/E6A0078-683x1024.jpg\" alt=\"\" class=\"wp-image-308\" width=\"342\" height=\"512\" srcset=\"https:\/\/www.studiomuste.fi\/wp-content\/uploads\/2023\/06\/E6A0078-683x1024.jpg 683w, https:\/\/www.studiomuste.fi\/wp-content\/uploads\/2023\/06\/E6A0078-200x300.jpg 200w, https:\/\/www.studiomuste.fi\/wp-content\/uploads\/2023\/06\/E6A0078-768x1152.jpg 768w, https:\/\/www.studiomuste.fi\/wp-content\/uploads\/2023\/06\/E6A0078.jpg 800w\" sizes=\"(max-width: 342px) 100vw, 342px\" \/><\/figure><\/div><\/div>\n<\/div>\n","protected":false},"excerpt":{"rendered":"<p>Studio Muste Oy on sinulle, joka haluat kirjoittaa, aloittaa kirjoittamisen, oppia uutta, pit\u00e4\u00e4 hauskaa tai kouluttaa esimerkiksi yrityksen henkil\u00f6kuntaa. Haluamme kirjoitusharrastuksen pulpahtavan pintaan ihan jokaisella, ja haluamme tehd\u00e4 kirjoitus- ja lukukokemuksista my\u00f6s sosiaalisia tapahtumia. Kirjoittaminen ja lukeminen on hauskaa ja inspiroivaa yksin ja yhdess\u00e4. Haluamme my\u00f6s auttaa yrityksi\u00e4 kouluttamaan henkil\u00f6kuntaansa joko meid\u00e4n johdollamme tai itsen\u00e4isesti&hellip;&nbsp;<a href=\"https:\/\/www.studiomuste.fi\/?page_id=447\" class=\"\" rel=\"bookmark\">Lue lis\u00e4\u00e4 &raquo;<span class=\"screen-reader-text\">Studio Muste Oy<\/span><\/a><\/p>\n","protected":false},"author":1,"featured_media":0,"parent":0,"menu_order":0,"comment_status":"closed","ping_status":"closed","template":"","meta":{"neve_meta_sidebar":"","neve_meta_container":"","neve_meta_enable_content_width":"","neve_meta_content_width":0,"neve_meta_title_alignment":"","neve_meta_author_avatar":"","neve_post_elements_order":"","neve_meta_disable_header":"","neve_meta_disable_footer":"","neve_meta_disable_title":""},"_links":{"self":[{"href":"https:\/\/www.studiomuste.fi\/index.php?rest_route=\/wp\/v2\/pages\/447"}],"collection":[{"href":"https:\/\/www.studiomuste.fi\/index.php?rest_route=\/wp\/v2\/pages"}],"about":[{"href":"https:\/\/www.studiomuste.fi\/index.php?rest_route=\/wp\/v2\/types\/page"}],"author":[{"embeddable":true,"href":"https:\/\/www.studiomuste.fi\/index.php?rest_route=\/wp\/v2\/users\/1"}],"replies":[{"embeddable":true,"href":"https:\/\/www.studiomuste.fi\/index.php?rest_route=%2Fwp%2Fv2%2Fcomments&post=447"}],"version-history":[{"count":15,"href":"https:\/\/www.studiomuste.fi\/index.php?rest_route=\/wp\/v2\/pages\/447\/revisions"}],"predecessor-version":[{"id":665,"href":"https:\/\/www.studiomuste.fi\/index.php?rest_route=\/wp\/v2\/pages\/447\/revisions\/665"}],"wp:attachment":[{"href":"https:\/\/www.studiomuste.fi\/index.php?rest_route=%2Fwp%2Fv2%2Fmedia&parent=447"}],"curies":[{"name":"wp","href":"https:\/\/api.w.org\/{rel}","templated":true}]}}