{"id":488,"date":"2023-06-19T20:32:24","date_gmt":"2023-06-19T20:32:24","guid":{"rendered":"https:\/\/www.studiomuste.fi\/?page_id=488"},"modified":"2023-06-29T09:22:11","modified_gmt":"2023-06-29T09:22:11","slug":"ilmoittaudu-mukaan","status":"publish","type":"page","link":"https:\/\/www.studiomuste.fi\/?page_id=488","title":{"rendered":"Ilmoittaudu mukaan"},"content":{"rendered":"<style id=\"wpforms-css-vars-root\">\n\t\t\t\t:root {\n\t\t\t\t\t--wpforms-field-border-radius: 3px;\n--wpforms-field-background-color: #ffffff;\n--wpforms-field-border-color: rgba( 0, 0, 0, 0.25 );\n--wpforms-field-text-color: rgba( 0, 0, 0, 0.7 );\n--wpforms-label-color: rgba( 0, 0, 0, 0.85 );\n--wpforms-label-sublabel-color: rgba( 0, 0, 0, 0.55 );\n--wpforms-label-error-color: #d63637;\n--wpforms-button-border-radius: 3px;\n--wpforms-button-background-color: #066aab;\n--wpforms-button-text-color: #ffffff;\n--wpforms-field-size-input-height: 43px;\n--wpforms-field-size-input-spacing: 15px;\n--wpforms-field-size-font-size: 16px;\n--wpforms-field-size-line-height: 19px;\n--wpforms-field-size-padding-h: 14px;\n--wpforms-field-size-checkbox-size: 16px;\n--wpforms-field-size-sublabel-spacing: 5px;\n--wpforms-field-size-icon-size: 1;\n--wpforms-label-size-font-size: 16px;\n--wpforms-label-size-line-height: 19px;\n--wpforms-label-size-sublabel-font-size: 14px;\n--wpforms-label-size-sublabel-line-height: 17px;\n--wpforms-button-size-font-size: 17px;\n--wpforms-button-size-height: 41px;\n--wpforms-button-size-padding-h: 15px;\n--wpforms-button-size-margin-top: 10px;\n\n\t\t\t\t}\n\t\t\t<\/style><style id=\"wpforms-css-vars-47-block-12a1e796-9672-423c-ad8c-46027f53c901\">\n\t\t\t\t#wpforms-47.wpforms-block-12a1e796-9672-423c-ad8c-46027f53c901 {\n\t\t\t\t\t--wpforms-field-text-color: var(--nv-site-bg);\n--wpforms-label-color: var(--nv-text-dark-bg);\n--wpforms-label-sublabel-color: var(--nv-text-color);\n--wpforms-label-size-font-size: 18px;\n--wpforms-label-size-line-height: 21px;\n--wpforms-label-size-sublabel-font-size: 16px;\n--wpforms-label-size-sublabel-line-height: 19px;\n\n\t\t\t\t}\n\t\t\t<\/style><div class=\"wpforms-container wpforms-container-full wpforms-block wpforms-block-12a1e796-9672-423c-ad8c-46027f53c901 wpforms-render-modern\" id=\"wpforms-47\"><form id=\"wpforms-form-47\" class=\"wpforms-validate wpforms-form wpforms-ajax-form\" data-formid=\"47\" method=\"post\" enctype=\"multipart\/form-data\" action=\"\/index.php?rest_route=%2Fwp%2Fv2%2Fpages%2F488\" data-token=\"1a8a443f20ec7091d7e7a501af274e14\"><noscript class=\"wpforms-error-noscript\">Please enable JavaScript in your browser to complete this form.<\/noscript><div class=\"wpforms-hidden\" id=\"wpforms-error-noscript\">Please enable JavaScript in your browser to complete this form.<\/div><div class=\"wpforms-field-container\"><div id=\"wpforms-47-field_2-container\" class=\"wpforms-field wpforms-field-text\" data-field-id=\"2\"><label class=\"wpforms-field-label\" for=\"wpforms-47-field_2\">Nimi: <span class=\"wpforms-required-label\" aria-hidden=\"true\">*<\/span><\/label><input type=\"text\" id=\"wpforms-47-field_2\" class=\"wpforms-field-medium wpforms-field-required\" name=\"wpforms[fields][2]\" aria-errormessage=\"wpforms-47-field_2-error\" required><\/div><div id=\"wpforms-47-field_3-container\" class=\"wpforms-field wpforms-field-select wpforms-field-select-style-classic\" data-field-id=\"3\"><label class=\"wpforms-field-label\" for=\"wpforms-47-field_3\">Valitse kurssi: <span class=\"wpforms-required-label\" aria-hidden=\"true\">*<\/span><\/label><select id=\"wpforms-47-field_3\" class=\"wpforms-field-medium wpforms-field-required\" name=\"wpforms[fields][3]\" required=\"required\"><option value=\"Valitse t\u00e4st\u00e4 kurssi, johon ilmoittaudut\"  selected='selected'>Valitse t\u00e4st\u00e4 kurssi, johon ilmoittaudut<\/option><option value=\"OULU: Novellikurssi aloittelijoille 4.7.2024\" >OULU: Novellikurssi aloittelijoille 4.7.2024<\/option><option value=\"KEMI: Novellikurssi aloittelijoille 3.7.2024\" >KEMI: Novellikurssi aloittelijoille 3.7.2024<\/option><option value=\"KEMI: Runokurssi aloittelijoille 11.7.2024\" >KEMI: Runokurssi aloittelijoille 11.7.2024<\/option><option value=\"TORNIO: Novellikurssi aloittelijoille 10.7.2024\" >TORNIO: Novellikurssi aloittelijoille 10.7.2024<\/option><option value=\"TORNIO: Runokurssi aloittelijoille 11.7.2024\" >TORNIO: Runokurssi aloittelijoille 11.7.2024<\/option><option value=\"Digikurssi: Aloita blogi\" >Digikurssi: Aloita blogi<\/option><option value=\"Digikurssi: Kirjoita runo\" >Digikurssi: Kirjoita runo<\/option><option value=\"Digikurssi: Novelli\" >Digikurssi: Novelli<\/option><option value=\"\" ><\/option><\/select><div id=\"wpforms-47-field_3-description\" class=\"wpforms-field-description\">Huom. Ilmoittautuminen on sitova! <\/div><\/div><div id=\"wpforms-47-field_7-container\" class=\"wpforms-field wpforms-field-text\" data-field-id=\"7\"><label class=\"wpforms-field-label\" for=\"wpforms-47-field_7\">Puhelinnumero: <span class=\"wpforms-required-label\" aria-hidden=\"true\">*<\/span><\/label><input type=\"text\" id=\"wpforms-47-field_7\" class=\"wpforms-field-medium wpforms-field-required\" name=\"wpforms[fields][7]\" aria-errormessage=\"wpforms-47-field_7-error\" aria-describedby=\"wpforms-47-field_7-description\" required><div id=\"wpforms-47-field_7-description\" class=\"wpforms-field-description\">Jos tilaisuus tai kurssi peruuntuu, ilmoitamme asiasta tekstiviestill\u00e4!<\/div><\/div><div id=\"wpforms-47-field_4-container\" class=\"wpforms-field wpforms-field-email\" data-field-id=\"4\"><fieldset><legend class=\"wpforms-field-label\">Email: <span class=\"wpforms-required-label\" aria-hidden=\"true\">*<\/span><\/legend><div class=\"wpforms-field-row wpforms-field-medium\"><div class=\"wpforms-field-row-block wpforms-one-half wpforms-first\"><input type=\"email\" id=\"wpforms-47-field_4\" class=\"wpforms-field-required wpforms-field-email-primary\" name=\"wpforms[fields][4][primary]\" spellcheck=\"false\" aria-errormessage=\"wpforms-47-field_4-error\" aria-describedby=\"wpforms-47-field_4-description\" required><label for=\"wpforms-47-field_4\" class=\"wpforms-field-sublabel after \">Email<\/label><\/div><div class=\"wpforms-field-row-block wpforms-one-half\"><input type=\"email\" id=\"wpforms-47-field_4-secondary\" class=\"wpforms-field-email-secondary wpforms-field-required\" data-rule-confirm=\"#wpforms-47-field_4\" name=\"wpforms[fields][4][secondary]\" spellcheck=\"false\" aria-errormessage=\"wpforms-47-field_4-secondary-error\" aria-describedby=\"wpforms-47-field_4-description\" required><label for=\"wpforms-47-field_4-secondary\" class=\"wpforms-field-sublabel after \">Confirm Email<\/label><\/div><\/div><div id=\"wpforms-47-field_4-description\" class=\"wpforms-field-description\">Lasku l\u00e4hetet\u00e4\u00e4n antamaasi s\u00e4hk\u00f6postiosoitteeseen, jos tilaisuus tai kurssi toteutuu. Lasku pit\u00e4\u00e4 maksaa ennen tapahtumaan osallistumista. \r\n\r\nMuista tarkistaa my\u00f6s roskaposti! <\/div><\/fieldset><\/div><div id=\"wpforms-47-field_11-container\" class=\"wpforms-field wpforms-field-text\" data-field-id=\"11\"><label class=\"wpforms-field-label\" for=\"wpforms-47-field_11\">Lis\u00e4tietoja<\/label><input type=\"text\" id=\"wpforms-47-field_11\" class=\"wpforms-field-medium\" name=\"wpforms[fields][11]\" aria-errormessage=\"wpforms-47-field_11-error\" ><\/div><div id=\"wpforms-47-field_10-container\" class=\"wpforms-field wpforms-field-checkbox\" data-field-id=\"10\"><fieldset><legend class=\"wpforms-field-label\">Jos tilaisuus peruuntuu, haluan ilmoituksen: <span class=\"wpforms-required-label\" aria-hidden=\"true\">*<\/span><\/legend><ul id=\"wpforms-47-field_10\" class=\"wpforms-field-required\"><li class=\"choice-1 depth-1\"><input type=\"checkbox\" id=\"wpforms-47-field_10_1\" name=\"wpforms[fields][10][]\" value=\"S\u00e4hk\u00f6postilla\" aria-errormessage=\"wpforms-47-field_10_1-error\" required ><label class=\"wpforms-field-label-inline\" for=\"wpforms-47-field_10_1\">S\u00e4hk\u00f6postilla<\/label><\/li><li class=\"choice-2 depth-1\"><input type=\"checkbox\" id=\"wpforms-47-field_10_2\" name=\"wpforms[fields][10][]\" value=\"Tekstiviestill\u00e4\" aria-errormessage=\"wpforms-47-field_10_2-error\" required ><label class=\"wpforms-field-label-inline\" for=\"wpforms-47-field_10_2\">Tekstiviestill\u00e4<\/label><\/li><\/ul><\/fieldset><\/div><\/div><!-- .wpforms-field-container --><div class=\"wpforms-submit-container\" ><input type=\"hidden\" name=\"wpforms[id]\" value=\"47\"><input type=\"hidden\" name=\"wpforms[author]\" value=\"1\"><button type=\"submit\" name=\"wpforms[submit]\" id=\"wpforms-submit-47\" class=\"wpforms-submit\" data-alt-text=\"Sending...\" data-submit-text=\"L\u00e4het\u00e4\" aria-live=\"assertive\" value=\"wpforms-submit\">L\u00e4het\u00e4<\/button><img decoding=\"async\" loading=\"lazy\" src=\"https:\/\/www.studiomuste.fi\/wp-content\/plugins\/wpforms-lite\/assets\/images\/submit-spin.svg\" class=\"wpforms-submit-spinner\" style=\"display: none;\" width=\"26\" height=\"26\" alt=\"Loading\"><\/div><\/form><\/div>  <!-- .wpforms-container -->","protected":false},"excerpt":{"rendered":"","protected":false},"author":1,"featured_media":0,"parent":0,"menu_order":0,"comment_status":"closed","ping_status":"closed","template":"","meta":{"neve_meta_sidebar":"","neve_meta_container":"","neve_meta_enable_content_width":"","neve_meta_content_width":0,"neve_meta_title_alignment":"","neve_meta_author_avatar":"","neve_post_elements_order":"","neve_meta_disable_header":"","neve_meta_disable_footer":"","neve_meta_disable_title":""},"_links":{"self":[{"href":"https:\/\/www.studiomuste.fi\/index.php?rest_route=\/wp\/v2\/pages\/488"}],"collection":[{"href":"https:\/\/www.studiomuste.fi\/index.php?rest_route=\/wp\/v2\/pages"}],"about":[{"href":"https:\/\/www.studiomuste.fi\/index.php?rest_route=\/wp\/v2\/types\/page"}],"author":[{"embeddable":true,"href":"https:\/\/www.studiomuste.fi\/index.php?rest_route=\/wp\/v2\/users\/1"}],"replies":[{"embeddable":true,"href":"https:\/\/www.studiomuste.fi\/index.php?rest_route=%2Fwp%2Fv2%2Fcomments&post=488"}],"version-history":[{"count":7,"href":"https:\/\/www.studiomuste.fi\/index.php?rest_route=\/wp\/v2\/pages\/488\/revisions"}],"predecessor-version":[{"id":1031,"href":"https:\/\/www.studiomuste.fi\/index.php?rest_route=\/wp\/v2\/pages\/488\/revisions\/1031"}],"wp:attachment":[{"href":"https:\/\/www.studiomuste.fi\/index.php?rest_route=%2Fwp%2Fv2%2Fmedia&parent=488"}],"curies":[{"name":"wp","href":"https:\/\/api.w.org\/{rel}","templated":true}]}}