{"id":648,"date":"2023-06-29T10:31:01","date_gmt":"2023-06-29T10:31:01","guid":{"rendered":"https:\/\/www.studiomuste.fi\/?page_id=648"},"modified":"2023-06-29T10:31:01","modified_gmt":"2023-06-29T10:31:01","slug":"rekisteri-ja-tietosuojaseloste","status":"publish","type":"page","link":"https:\/\/www.studiomuste.fi\/?page_id=648","title":{"rendered":"Rekisteri- ja tietosuojaseloste"},"content":{"rendered":"\n<p>T\u00e4m\u00e4 on Studio Muste Oy:n EU:n yleisen tietosuoja-asetuksen (GDPR) mukainen rekisteri- ja tietosuojaseloste. Laadittu 28.6.2023.<\/p>\n\n\n\n<p><strong>1. Rekisterinpit\u00e4j\u00e4<\/strong><\/p>\n\n\n\n<p>Studio Muste Oy<br>Hallituskatu 26 A 21, 90100 Oulu<br>info@studiomuste.fi<br>+358 40 222 0233<\/p>\n\n\n\n<p>Rekisteriasioita hoitaa ja tietosuojasta vastaa Studio Muste Oy<\/p>\n\n\n\n<p><strong>2. Rekisterin nimi<\/strong><\/p>\n\n\n\n<p>Studio Muste Oy:n asiakasrekisteri<\/p>\n\n\n\n<p><strong>3. Rekisterin tietosuojak\u00e4yt\u00e4nt\u00f6<\/strong><\/p>\n\n\n\n<p>Sivusto sitoutuu suojaamaan sivuston k\u00e4ytt\u00e4jien yksityisyytt\u00e4 henkil\u00f6tietolain (523\/1999), tietoyhteiskuntakaaren (917\/2014) ja muun soveltuvan lains\u00e4\u00e4d\u00e4nn\u00f6n mukaisesti. K\u00e4ytt\u00e4j\u00e4 hyv\u00e4ksyy n\u00e4m\u00e4 ehdot k\u00e4ytt\u00e4m\u00e4ll\u00e4 sivustoamme. K\u00e4ytt\u00e4j\u00e4 antaa sivustoa k\u00e4ytt\u00e4ess\u00e4\u00e4n Studio Muste Oy:lle suostumuksen sivuston k\u00e4ytt\u00f6\u00f6n liittyvien ev\u00e4stetietojen tallentamiseen.<\/p>\n\n\n\n<p>Sivustolla k\u00e4ytett\u00e4vi\u00e4 ev\u00e4stetiedostoja k\u00e4ytet\u00e4\u00e4n siten, ettei k\u00e4ytt\u00e4j\u00e4n yksityisyydensuojaa loukata. Ev\u00e4steit\u00e4 voidaan k\u00e4ytt\u00e4\u00e4 verkkosivuston liikenteen seuraamiseen, suoramarkkinointiin tai muuhun markkinointitarkoitukseen. Ev\u00e4steiden kautta ei ker\u00e4t\u00e4 yksil\u00f6ivi\u00e4 tietoja kuten s\u00e4hk\u00f6postiosoitteita, puhelinnumeroita tai muita henkil\u00f6kohtaisia tietoja. K\u00e4ytt\u00e4j\u00e4 voi milloin tahansa poistaa selaimeensa tallentamat ev\u00e4stetiedostot.<\/p>\n\n\n\n<p><strong>4. Henkil\u00f6tietojen k\u00e4sittelyn tarkoitus ja lainmukaisuus<\/strong><\/p>\n\n\n\n<p>Henkil\u00f6tietojen k\u00e4sittelyn tarkoitus on yhteydenpito asiakkaisiin, hallinnointi, kehitt\u00e4minen sek\u00e4 asiakasviestint\u00e4. Henkil\u00f6tietojen k\u00e4sittely ja sen lainmukaisuus perustuvat EU:n yleiseen tietosuoja-asetukseen.<\/p>\n\n\n\n<p><strong>5. Rekisterin tietosis\u00e4lt\u00f6<\/strong><\/p>\n\n\n\n<p>Rekisteriin tallennettavia tietoja ovat henkil\u00f6n nimi ja yhteystiedot.<\/p>\n\n\n\n<p><strong>6. S\u00e4\u00e4nn\u00f6nmukaiset tietol\u00e4hteet<\/strong><\/p>\n\n\n\n<p>Rekisteriin tallennettavat tiedot saadaan asiakkailta www-lomakkeilla l\u00e4hetetyist\u00e4 viesteist\u00e4, s\u00e4hk\u00f6postitse, puhelimitse, sosiaalisen median palveluiden kautta, asiakastapaamisista tai muista tilanteista, joissa asiakas luovuttaa tietojaan.<\/p>\n\n\n\n<p><strong>7. Tietojen s\u00e4\u00e4nn\u00f6nmukaiset luovutukset ja tietojen siirto EU:n tai ETA:n ulkopuolelle<\/strong><\/p>\n\n\n\n<p>Tietoja ei luovuteta s\u00e4\u00e4nn\u00f6nmukaisesti muille tahoille paitsi lains\u00e4\u00e4d\u00e4nn\u00f6n niin velvoittaessa sellaisiin tarkoituksiin, jotka eiv\u00e4t ole ristiriidassa henkil\u00f6tietojen k\u00e4sittelyn tarkoitusten kanssa tai perint\u00e4\u00e4n liittyviss\u00e4 asioissa. Tietoja voidaan julkaista asiakkaan suostumuksella. Henkil\u00f6tietoja ei siirret\u00e4 EU:n tai ETA:n ulkopuolelle.<\/p>\n\n\n\n<p><strong>8. Rekisterin suojauksen periaatteet<\/strong><\/p>\n\n\n\n<p>Rekisterin k\u00e4sittelyss\u00e4 noudatetaan huolellisuutta ja tietoj\u00e4rjestelmien avulla k\u00e4sitelt\u00e4v\u00e4t tiedot suojataan asianmukaisesti. Kun rekisteritietoja s\u00e4ilytet\u00e4\u00e4n palvelimilla, niiden laitteiston fyysisest\u00e4 ja digitaalisesta tietoturvasta huolehditaan asiankuuluvasti. Rekisterinpit\u00e4j\u00e4 huolehtii siit\u00e4, ett\u00e4 tallennettuja tietoja sek\u00e4 palvelimen k\u00e4ytt\u00f6oikeuksia ja muita henkil\u00f6tietojen turvallisuuden kannalta kriittisi\u00e4 tietoja k\u00e4sitell\u00e4\u00e4n luottamuksellisesti ja vain niiden ty\u00f6ntekij\u00f6iden toimesta, joiden ty\u00f6nkuvaan se kuuluu.<\/p>\n\n\n\n<p><strong>9. Tietojen poistaminen<\/strong><\/p>\n\n\n\n<p>Henkil\u00f6tietoja k\u00e4sitell\u00e4\u00e4n p\u00e4\u00e4s\u00e4\u00e4nt\u00f6isesti vain asiakkuuden voimassaolon ajan. Tietoja voidaan poistaa asiakkaan vaatimuksesta. Tietoja voidaan poistaa my\u00f6s valvonnan seurauksena, mik\u00e4li asiakas v\u00e4\u00e4rink\u00e4ytt\u00e4\u00e4 palveluita tai harjoittaa palvelun avulla esimerkiksi rikollista toimintaa.<\/p>\n\n\n\n<p><strong>10. Rekister\u00f6idyn tarkastus-, korjaus- ja kielto-oikeus<\/strong><\/p>\n\n\n\n<p>Asiakkaalla on oikeus tarkastaa, mit\u00e4 h\u00e4nt\u00e4 koskevia tietoja rekisteriin on tallennettu. Asiakkaalla on my\u00f6s oikeus vaatia virheellisen tiedon korjaamista tai puutteellisen tiedon t\u00e4ydent\u00e4mist\u00e4. Mik\u00e4li henkil\u00f6 haluaa tarkistaa h\u00e4nest\u00e4 tallennetut tiedot tai vaatia niihin oikaisua, pyynt\u00f6 tulee l\u00e4hett\u00e4\u00e4 kirjallisesti rekisterinpit\u00e4j\u00e4lle. Rekisterinpit\u00e4j\u00e4 voi pyyt\u00e4\u00e4 tarvittaessa pyynn\u00f6n esitt\u00e4j\u00e4\u00e4 todistamaan henkil\u00f6llisyytens\u00e4. Rekisterinpit\u00e4j\u00e4 vastaa asiakkaalle EU:n tietosuoja-asetuksessa s\u00e4\u00e4detyss\u00e4 ajassa (noin kuukauden kuluessa)<\/p>\n\n\n\n<p><strong>11. Muut henkil\u00f6tietojen k\u00e4sittelyyn liittyv\u00e4t oikeudet<\/strong><\/p>\n\n\n\n<p>Rekisteriss\u00e4 olevalla henkil\u00f6ll\u00e4 on oikeus pyyt\u00e4\u00e4 h\u00e4nt\u00e4 koskevien henkil\u00f6tietojen poistamista rekisterist\u00e4. Pyynn\u00f6t tulee l\u00e4hett\u00e4\u00e4 kirjallisesti rekisterinpit\u00e4j\u00e4lle. Rekisterinpit\u00e4j\u00e4 voi pyyt\u00e4\u00e4 tarvittaessa pyynn\u00f6n esitt\u00e4j\u00e4\u00e4 todistamaan henkil\u00f6llisyytens\u00e4. Rekisterinpit\u00e4j\u00e4 vastaa asiakkaalle EU:n tietosuoja-asetuksessa s\u00e4\u00e4detyss\u00e4 ajassa (noin kuukauden kuluessa)<\/p>\n","protected":false},"excerpt":{"rendered":"<p>T\u00e4m\u00e4 on Studio Muste Oy:n EU:n yleisen tietosuoja-asetuksen (GDPR) mukainen rekisteri- ja tietosuojaseloste. Laadittu 28.6.2023. 1. Rekisterinpit\u00e4j\u00e4 Studio Muste OyHallituskatu 26 A 21, 90100 Ouluinfo@studiomuste.fi+358 40 222 0233 Rekisteriasioita hoitaa ja tietosuojasta vastaa Studio Muste Oy 2. Rekisterin nimi Studio Muste Oy:n asiakasrekisteri 3. Rekisterin tietosuojak\u00e4yt\u00e4nt\u00f6 Sivusto sitoutuu suojaamaan sivuston k\u00e4ytt\u00e4jien yksityisyytt\u00e4 henkil\u00f6tietolain (523\/1999), tietoyhteiskuntakaaren&hellip;&nbsp;<a href=\"https:\/\/www.studiomuste.fi\/?page_id=648\" class=\"\" rel=\"bookmark\">Lue lis\u00e4\u00e4 &raquo;<span class=\"screen-reader-text\">Rekisteri- ja tietosuojaseloste<\/span><\/a><\/p>\n","protected":false},"author":1,"featured_media":0,"parent":0,"menu_order":0,"comment_status":"closed","ping_status":"closed","template":"","meta":{"neve_meta_sidebar":"","neve_meta_container":"","neve_meta_enable_content_width":"","neve_meta_content_width":0,"neve_meta_title_alignment":"","neve_meta_author_avatar":"","neve_post_elements_order":"","neve_meta_disable_header":"","neve_meta_disable_footer":"","neve_meta_disable_title":""},"_links":{"self":[{"href":"https:\/\/www.studiomuste.fi\/index.php?rest_route=\/wp\/v2\/pages\/648"}],"collection":[{"href":"https:\/\/www.studiomuste.fi\/index.php?rest_route=\/wp\/v2\/pages"}],"about":[{"href":"https:\/\/www.studiomuste.fi\/index.php?rest_route=\/wp\/v2\/types\/page"}],"author":[{"embeddable":true,"href":"https:\/\/www.studiomuste.fi\/index.php?rest_route=\/wp\/v2\/users\/1"}],"replies":[{"embeddable":true,"href":"https:\/\/www.studiomuste.fi\/index.php?rest_route=%2Fwp%2Fv2%2Fcomments&post=648"}],"version-history":[{"count":1,"href":"https:\/\/www.studiomuste.fi\/index.php?rest_route=\/wp\/v2\/pages\/648\/revisions"}],"predecessor-version":[{"id":650,"href":"https:\/\/www.studiomuste.fi\/index.php?rest_route=\/wp\/v2\/pages\/648\/revisions\/650"}],"wp:attachment":[{"href":"https:\/\/www.studiomuste.fi\/index.php?rest_route=%2Fwp%2Fv2%2Fmedia&parent=648"}],"curies":[{"name":"wp","href":"https:\/\/api.w.org\/{rel}","templated":true}]}}