{"id":674,"date":"2023-06-30T07:18:36","date_gmt":"2023-06-30T07:18:36","guid":{"rendered":"https:\/\/www.studiomuste.fi\/?page_id=674"},"modified":"2023-06-30T07:18:37","modified_gmt":"2023-06-30T07:18:37","slug":"write-winen-saannot","status":"publish","type":"page","link":"https:\/\/www.studiomuste.fi\/?page_id=674","title":{"rendered":"Write &#038; Winen s\u00e4\u00e4nn\u00f6t"},"content":{"rendered":"\n<p>1. Write &amp; Winen ik\u00e4raja on 18 vuotta.<\/p>\n\n\n\n<p>2. Kunnioita muita osallistua ja ohjaajia.<\/p>\n\n\n\n<p>3. Nautithan viini\u00e4 kohtuudella.<\/p>\n\n\n\n<p><\/p>\n","protected":false},"excerpt":{"rendered":"<p>1. Write &amp; Winen ik\u00e4raja on 18 vuotta. 2. Kunnioita muita osallistua ja ohjaajia. 3. Nautithan viini\u00e4 kohtuudella.<\/p>\n","protected":false},"author":1,"featured_media":0,"parent":0,"menu_order":0,"comment_status":"closed","ping_status":"closed","template":"","meta":{"neve_meta_sidebar":"","neve_meta_container":"","neve_meta_enable_content_width":"","neve_meta_content_width":0,"neve_meta_title_alignment":"","neve_meta_author_avatar":"","neve_post_elements_order":"","neve_meta_disable_header":"","neve_meta_disable_footer":"","neve_meta_disable_title":""},"_links":{"self":[{"href":"https:\/\/www.studiomuste.fi\/index.php?rest_route=\/wp\/v2\/pages\/674"}],"collection":[{"href":"https:\/\/www.studiomuste.fi\/index.php?rest_route=\/wp\/v2\/pages"}],"about":[{"href":"https:\/\/www.studiomuste.fi\/index.php?rest_route=\/wp\/v2\/types\/page"}],"author":[{"embeddable":true,"href":"https:\/\/www.studiomuste.fi\/index.php?rest_route=\/wp\/v2\/users\/1"}],"replies":[{"embeddable":true,"href":"https:\/\/www.studiomuste.fi\/index.php?rest_route=%2Fwp%2Fv2%2Fcomments&post=674"}],"version-history":[{"count":1,"href":"https:\/\/www.studiomuste.fi\/index.php?rest_route=\/wp\/v2\/pages\/674\/revisions"}],"predecessor-version":[{"id":676,"href":"https:\/\/www.studiomuste.fi\/index.php?rest_route=\/wp\/v2\/pages\/674\/revisions\/676"}],"wp:attachment":[{"href":"https:\/\/www.studiomuste.fi\/index.php?rest_route=%2Fwp%2Fv2%2Fmedia&parent=674"}],"curies":[{"name":"wp","href":"https:\/\/api.w.org\/{rel}","templated":true}]}}