{"id":79,"date":"2023-05-23T18:13:31","date_gmt":"2023-05-23T18:13:31","guid":{"rendered":"https:\/\/www.studiomuste.fi\/?page_id=79"},"modified":"2023-09-19T08:28:16","modified_gmt":"2023-09-19T08:28:16","slug":"tietoa-meista","status":"publish","type":"page","link":"https:\/\/www.studiomuste.fi\/?page_id=79","title":{"rendered":"Meist\u00e4"},"content":{"rendered":"\n<div class=\"wp-block-columns is-layout-flex wp-container-6\">\n<div class=\"wp-block-column is-layout-flow\">\n<div class=\"wp-block-columns is-layout-flex wp-container-4\">\n<div class=\"wp-block-column is-layout-flow\">\n<figure class=\"wp-block-image size-large\"><img decoding=\"async\" loading=\"lazy\" width=\"1024\" height=\"1024\" src=\"https:\/\/www.studiomuste.fi\/wp-content\/uploads\/2023\/06\/21-1024x1024.png\" alt=\"\" class=\"wp-image-330\" srcset=\"https:\/\/www.studiomuste.fi\/wp-content\/uploads\/2023\/06\/21-1024x1024.png 1024w, https:\/\/www.studiomuste.fi\/wp-content\/uploads\/2023\/06\/21-300x300.png 300w, https:\/\/www.studiomuste.fi\/wp-content\/uploads\/2023\/06\/21-150x150.png 150w, https:\/\/www.studiomuste.fi\/wp-content\/uploads\/2023\/06\/21-768x768.png 768w, https:\/\/www.studiomuste.fi\/wp-content\/uploads\/2023\/06\/21-1536x1536.png 1536w, https:\/\/www.studiomuste.fi\/wp-content\/uploads\/2023\/06\/21.png 1654w\" sizes=\"(max-width: 1024px) 100vw, 1024px\" \/><\/figure>\n\n\n\n<p><\/p>\n\n\n\n<p>Olen Niina Salonen ja koulutukseltani filosofian maisteri. Yliopistossa opiskelin suomen kielen lis\u00e4ksi my\u00f6s viestint\u00e4\u00e4, kirjallisuutta, elokuvatutkimusta, journalistiikkaa, suomea toisena kielen\u00e4 ja digipedagogiikkaa.<\/p>\n\n\n\n<p>Ty\u00f6kokemusta minulla on toimittajan ja tiedottajan t\u00f6ist\u00e4, viestint\u00e4vastaavan ja mainonnan ammattilaisen ty\u00f6st\u00e4, oman viestint\u00e4toimiston py\u00f6ritt\u00e4misest\u00e4 ja \u00e4idinkielen opettajan ty\u00f6st\u00e4 toisella asteella sek\u00e4 ammattikorkeakoulussa.<\/p>\n\n\n\n<p>Studio Musteeseen hypp\u00e4sin mukaan taakseni katsomatta, sill\u00e4 t\u00e4\u00e4ll\u00e4 p\u00e4\u00e4sen toteuttamaan kaikenlaista koulutustani vastaavaa ty\u00f6t\u00e4. Minusta on hienoa perehty\u00e4 j\u00e4lleen yritysviestint\u00e4\u00e4n ja julkisuuskuvan kiillottamiseen. Opiskelen my\u00f6s mielell\u00e4ni kaikkea uutta. Opettajan ty\u00f6 on mahtavaa ja hyvin haastavaa, mutta siin\u00e4 toimitaan opetussuunnitelman sallimissa rajoissa.<\/p>\n\n\n\n<p>Kirjoittaminen on aina jollain tavalla ollut harrastukseni. My\u00f6s lukemisesta nautin paljon. N\u00e4it\u00e4 harrastuksiani p\u00e4\u00e4sen usein toteuttamaan kolmannen harrastukseni syleilyss\u00e4 eli luonnon keskell\u00e4. M\u00f6kkeily ja luonnossa liikkuminen viev\u00e4t minua usein sellaisiin paikkoihin, ett\u00e4 voin vain rentoutua ja nauttia hyv\u00e4st\u00e4 kirjasta lempiviinin kera.<\/p>\n<\/div>\n\n\n\n<div class=\"wp-block-column is-layout-flow\">\n<figure class=\"wp-block-image size-large\"><img decoding=\"async\" loading=\"lazy\" width=\"1024\" height=\"1024\" src=\"https:\/\/www.studiomuste.fi\/wp-content\/uploads\/2023\/06\/22-1024x1024.png\" alt=\"\" class=\"wp-image-332\" srcset=\"https:\/\/www.studiomuste.fi\/wp-content\/uploads\/2023\/06\/22-1024x1024.png 1024w, https:\/\/www.studiomuste.fi\/wp-content\/uploads\/2023\/06\/22-300x300.png 300w, https:\/\/www.studiomuste.fi\/wp-content\/uploads\/2023\/06\/22-150x150.png 150w, https:\/\/www.studiomuste.fi\/wp-content\/uploads\/2023\/06\/22-768x768.png 768w, https:\/\/www.studiomuste.fi\/wp-content\/uploads\/2023\/06\/22-1536x1536.png 1536w, https:\/\/www.studiomuste.fi\/wp-content\/uploads\/2023\/06\/22.png 1654w\" sizes=\"(max-width: 1024px) 100vw, 1024px\" \/><\/figure>\n\n\n\n<p><\/p>\n\n\n\n<p>Olen Laura Kanto, torniolainen perheen\u00e4iti, opettaja ja yritt\u00e4j\u00e4. Koulutukseltani olen filosofian maisteri, mutta minulla on my\u00f6s hotelli- ja ravintola-alan perustutkinto. Yliopistossa opiskelin p\u00e4\u00e4aineenani kirjallisuutta, jonka lis\u00e4ksi olen opiskellut suomen kielt\u00e4, elokuvatutkimusta, mediakasvatusta ja monimediaista luovaa kerrontaa. Opinn\u00e4ytet\u00f6itteni kautta tutustuin my\u00f6s peli- ja mediatutkimukseen. <\/p>\n\n\n\n<p>Opettajan ty\u00f6t\u00e4 olen tehnyt lukiossa ja ammattikoulussa. Opettajan ty\u00f6ss\u00e4 minulle on t\u00e4rkeint\u00e4 kohtaamiset opiskelijoiden kanssa ja pyrin oppitunneillani luomaan luokkahuoneeseen turvallisen ja hyv\u00e4ksyv\u00e4n tilan. Rakastan opettajan ty\u00f6t\u00e4, mutta Studio Muste antaa minulle mahdollisuuden toteuttaa my\u00f6s niit\u00e4 asioita ja sis\u00e4lt\u00f6j\u00e4, jotka j\u00e4\u00e4v\u00e4t opettajan ty\u00f6n raamien ulkopuolelle.<br><br>Olen harrastanut lukemista ja kirjoittamista koko ik\u00e4ni. Kirjoittaminen on minulle luontevin tapa ilmaista itse\u00e4ni. Koululaisena raahasin omia tekstej\u00e4ni \u00e4idinkielen opettajalle, joka tuki ja kannusti minua kirjoittajana eteenp\u00e4in. Nyt haluan omalta osaltani olla kannustamassa ja tukemassa kirjoittajia sek\u00e4 jakaa loputonta rakkauttani kirjallisuuteen.<\/p>\n\n\n\n<p>Luonto on minulle t\u00e4rke\u00e4 inspiraation l\u00e4hde. Erityisesti rakastan revontulia ja t\u00e4htitaivasta. T\u00e4htitaivashan on kuin kertomus: Ved\u00e4mme viivoja pisteiden v\u00e4lille ja piirr\u00e4mme t\u00e4htikuvioita, joilla on jokaisella oma tarinansa. Samalla tavalla me itse luomme tarinoita yhdist\u00e4m\u00e4ll\u00e4 pienempi asioita suuremmiksi kokonaisuuksiksi ja luomme oman tarinoiden taivaan.<\/p>\n<\/div>\n\n\n\n<div class=\"wp-block-column is-layout-flow\">\n<figure class=\"wp-block-image size-large\"><img decoding=\"async\" loading=\"lazy\" width=\"1024\" height=\"1024\" src=\"https:\/\/www.studiomuste.fi\/wp-content\/uploads\/2023\/06\/23-1024x1024.png\" alt=\"\" class=\"wp-image-333\" srcset=\"https:\/\/www.studiomuste.fi\/wp-content\/uploads\/2023\/06\/23-1024x1024.png 1024w, https:\/\/www.studiomuste.fi\/wp-content\/uploads\/2023\/06\/23-300x300.png 300w, https:\/\/www.studiomuste.fi\/wp-content\/uploads\/2023\/06\/23-150x150.png 150w, https:\/\/www.studiomuste.fi\/wp-content\/uploads\/2023\/06\/23-768x768.png 768w, https:\/\/www.studiomuste.fi\/wp-content\/uploads\/2023\/06\/23-1536x1536.png 1536w, https:\/\/www.studiomuste.fi\/wp-content\/uploads\/2023\/06\/23.png 1654w\" sizes=\"(max-width: 1024px) 100vw, 1024px\" \/><\/figure>\n\n\n\n<p><\/p>\n\n\n\n<p>Olen Pirneskosken Kristiina. Koulutukseltani olen filosofian maisteri ja ammatillinen erityisopettaja. P\u00e4\u00e4aineenani oli suomen kieli ja sivuaineenani kirjallisuus. Suosikkejani opinnoissani olivat murteet, sanasto ja nimist\u00f6, puheoppi, elokuvatiede ja kaikki kirjallisuuskurssit. Suomen kielen ja kirjallisuuden opiskelu oli luonteva valinta, koska lukeminen ja kirjoittaminen olivat jo lapsena mieluisinta ajanvietett\u00e4.<br><br>Ty\u00f6urani olen tehnyt \u00e4idinkielen opettajana ammatillisessa opetuksessa sek\u00e4 peruskoulussa ja lukiossa. Erityisen antoisana pid\u00e4n ty\u00f6ss\u00e4ni erilaisia keskusteluja opiskelijoiden kanssa. Opettajan ty\u00f6n t\u00e4rkeimp\u00e4n\u00e4 osana pid\u00e4n sit\u00e4, ett\u00e4 opettajalla on aikaa kohdata opiskelijansa. Puheviestint\u00e4 on lempilapseni opetettavista sis\u00e4ll\u00f6ist\u00e4. Studio Musteessa p\u00e4\u00e4sen luovemmin ja vapaammin tuomaan esille niit\u00e4 asioita, joita tiukissa opetussuunnitelmissa ei ole mahdollista ottaa esille.<br><br>Rakastan tarinoita. Sukujen ja perheiden, kotikylien tarinoista syntyy hyvi\u00e4 tekstej\u00e4. Is\u00e4ni oli tarinankertoja ja h\u00e4nen jutuistaan on tarkoituksenani viel\u00e4 saada julkaistua novellikokoelma. Tarkkailen erilaisia pieni\u00e4 arjen asioita. Niist\u00e4kin syntyy tarinoita. N\u00e4it\u00e4 kirjoittelen muistikirjaani. Aivan erityisesti pid\u00e4n tilannehuumorista ja puujalkavitseist\u00e4. T\u00e4t\u00e4 tilannehuumoria ja kohellusaineistoa on helppo ammentaa omasta arjesta, ainakin minun.<br><br>Luonnossa ajatus kulkee: niin hiihtoladuilla kuin hillasoillakin. Py\u00f6r\u00e4illess\u00e4 ja pururatalenkeill\u00e4 tulee mieleen usein hyvi\u00e4 ideoita. Ent\u00e4p\u00e4 luonnonvesiss\u00e4 uidessa \u2013 sielu lep\u00e4\u00e4 ja ajatus lent\u00e4\u00e4. Liikunta tekee luovaksi!<br><\/p>\n<\/div>\n<\/div>\n<\/div>\n<\/div>\n","protected":false},"excerpt":{"rendered":"<p>Olen Niina Salonen ja koulutukseltani filosofian maisteri. Yliopistossa opiskelin suomen kielen lis\u00e4ksi my\u00f6s viestint\u00e4\u00e4, kirjallisuutta, elokuvatutkimusta, journalistiikkaa, suomea toisena kielen\u00e4 ja digipedagogiikkaa. Ty\u00f6kokemusta minulla on toimittajan ja tiedottajan t\u00f6ist\u00e4, viestint\u00e4vastaavan ja mainonnan ammattilaisen ty\u00f6st\u00e4, oman viestint\u00e4toimiston py\u00f6ritt\u00e4misest\u00e4 ja \u00e4idinkielen opettajan ty\u00f6st\u00e4 toisella asteella sek\u00e4 ammattikorkeakoulussa. Studio Musteeseen hypp\u00e4sin mukaan taakseni katsomatta, sill\u00e4 t\u00e4\u00e4ll\u00e4 p\u00e4\u00e4sen toteuttamaan&hellip;&nbsp;<a href=\"https:\/\/www.studiomuste.fi\/?page_id=79\" class=\"\" rel=\"bookmark\">Lue lis\u00e4\u00e4 &raquo;<span class=\"screen-reader-text\">Meist\u00e4<\/span><\/a><\/p>\n","protected":false},"author":1,"featured_media":0,"parent":0,"menu_order":0,"comment_status":"closed","ping_status":"closed","template":"","meta":{"neve_meta_sidebar":"","neve_meta_container":"","neve_meta_enable_content_width":"","neve_meta_content_width":0,"neve_meta_title_alignment":"left","neve_meta_author_avatar":"","neve_post_elements_order":"","neve_meta_disable_header":"","neve_meta_disable_footer":"","neve_meta_disable_title":""},"_links":{"self":[{"href":"https:\/\/www.studiomuste.fi\/index.php?rest_route=\/wp\/v2\/pages\/79"}],"collection":[{"href":"https:\/\/www.studiomuste.fi\/index.php?rest_route=\/wp\/v2\/pages"}],"about":[{"href":"https:\/\/www.studiomuste.fi\/index.php?rest_route=\/wp\/v2\/types\/page"}],"author":[{"embeddable":true,"href":"https:\/\/www.studiomuste.fi\/index.php?rest_route=\/wp\/v2\/users\/1"}],"replies":[{"embeddable":true,"href":"https:\/\/www.studiomuste.fi\/index.php?rest_route=%2Fwp%2Fv2%2Fcomments&post=79"}],"version-history":[{"count":24,"href":"https:\/\/www.studiomuste.fi\/index.php?rest_route=\/wp\/v2\/pages\/79\/revisions"}],"predecessor-version":[{"id":1119,"href":"https:\/\/www.studiomuste.fi\/index.php?rest_route=\/wp\/v2\/pages\/79\/revisions\/1119"}],"wp:attachment":[{"href":"https:\/\/www.studiomuste.fi\/index.php?rest_route=%2Fwp%2Fv2%2Fmedia&parent=79"}],"curies":[{"name":"wp","href":"https:\/\/api.w.org\/{rel}","templated":true}]}}