{"id":825,"date":"2023-07-23T08:24:05","date_gmt":"2023-07-23T08:24:05","guid":{"rendered":"https:\/\/www.studiomuste.fi\/?page_id=825"},"modified":"2023-07-23T10:09:59","modified_gmt":"2023-07-23T10:09:59","slug":"digikurssit-yrityksille","status":"publish","type":"page","link":"https:\/\/www.studiomuste.fi\/?page_id=825","title":{"rendered":"Digikurssit yrityksille"},"content":{"rendered":"\n<div class=\"wp-block-columns is-layout-flex wp-container-3\">\n<div class=\"wp-block-column is-layout-flow\">\n<p><\/p>\n\n\n\n<p>Olemme koonneet tietopaketteja yrityksille, jotka haluavat itse kouluttaa henkil\u00f6kuntaansa. Paketin voi ostaa esimerkiksi tiiminvet\u00e4j\u00e4n tai esihenkil\u00f6n k\u00e4ytt\u00f6\u00f6n, ja sit\u00e4 voidaan k\u00e4yd\u00e4 henkil\u00f6st\u00f6n kanssa l\u00e4pi yrityksen omana koulutusp\u00e4iv\u00e4n\u00e4.&nbsp;&nbsp;<\/p>\n\n\n\n<p>My\u00f6s n\u00e4ill\u00e4 kursseilla on ty\u00f6kirja, joka on tarkoitettu tulostettavaksi. Ty\u00f6kirjaa t\u00e4ytet\u00e4\u00e4n tiiminvet\u00e4j\u00e4n johdolla yhdess\u00e4 henkil\u00f6st\u00f6n kanssa, ja p\u00e4\u00e4st\u00e4\u00e4n n\u00e4in haluttuun lopputulokseen.&nbsp;<\/p>\n\n\n\n<p><a href=\"https:\/\/www.studiomuste.fi\/?page_id=773\" data-type=\"page\" data-id=\"773\">T\u00e4\u00e4lt\u00e4 n\u00e4et kurssitarjontamme!<\/a><\/p>\n<\/div>\n\n\n\n<div class=\"wp-block-column is-layout-flow\">\n<figure class=\"wp-block-image size-full\"><img decoding=\"async\" loading=\"lazy\" width=\"940\" height=\"788\" src=\"http:\/\/www.studiomuste.fi\/wp-content\/uploads\/2023\/07\/Yrityskurssit.png\" alt=\"\" class=\"wp-image-826\" srcset=\"https:\/\/www.studiomuste.fi\/wp-content\/uploads\/2023\/07\/Yrityskurssit.png 940w, https:\/\/www.studiomuste.fi\/wp-content\/uploads\/2023\/07\/Yrityskurssit-300x251.png 300w, https:\/\/www.studiomuste.fi\/wp-content\/uploads\/2023\/07\/Yrityskurssit-768x644.png 768w\" sizes=\"(max-width: 940px) 100vw, 940px\" \/><\/figure>\n<\/div>\n<\/div>\n\n\n\n<p><\/p>\n","protected":false},"excerpt":{"rendered":"<p>Olemme koonneet tietopaketteja yrityksille, jotka haluavat itse kouluttaa henkil\u00f6kuntaansa. Paketin voi ostaa esimerkiksi tiiminvet\u00e4j\u00e4n tai esihenkil\u00f6n k\u00e4ytt\u00f6\u00f6n, ja sit\u00e4 voidaan k\u00e4yd\u00e4 henkil\u00f6st\u00f6n kanssa l\u00e4pi yrityksen omana koulutusp\u00e4iv\u00e4n\u00e4.&nbsp;&nbsp; My\u00f6s n\u00e4ill\u00e4 kursseilla on ty\u00f6kirja, joka on tarkoitettu tulostettavaksi. Ty\u00f6kirjaa t\u00e4ytet\u00e4\u00e4n tiiminvet\u00e4j\u00e4n johdolla yhdess\u00e4 henkil\u00f6st\u00f6n kanssa, ja p\u00e4\u00e4st\u00e4\u00e4n n\u00e4in haluttuun lopputulokseen.&nbsp; T\u00e4\u00e4lt\u00e4 n\u00e4et kurssitarjontamme!<\/p>\n","protected":false},"author":1,"featured_media":0,"parent":0,"menu_order":0,"comment_status":"closed","ping_status":"closed","template":"","meta":{"neve_meta_sidebar":"","neve_meta_container":"","neve_meta_enable_content_width":"","neve_meta_content_width":0,"neve_meta_title_alignment":"","neve_meta_author_avatar":"","neve_post_elements_order":"","neve_meta_disable_header":"","neve_meta_disable_footer":"","neve_meta_disable_title":""},"_links":{"self":[{"href":"https:\/\/www.studiomuste.fi\/index.php?rest_route=\/wp\/v2\/pages\/825"}],"collection":[{"href":"https:\/\/www.studiomuste.fi\/index.php?rest_route=\/wp\/v2\/pages"}],"about":[{"href":"https:\/\/www.studiomuste.fi\/index.php?rest_route=\/wp\/v2\/types\/page"}],"author":[{"embeddable":true,"href":"https:\/\/www.studiomuste.fi\/index.php?rest_route=\/wp\/v2\/users\/1"}],"replies":[{"embeddable":true,"href":"https:\/\/www.studiomuste.fi\/index.php?rest_route=%2Fwp%2Fv2%2Fcomments&post=825"}],"version-history":[{"count":6,"href":"https:\/\/www.studiomuste.fi\/index.php?rest_route=\/wp\/v2\/pages\/825\/revisions"}],"predecessor-version":[{"id":890,"href":"https:\/\/www.studiomuste.fi\/index.php?rest_route=\/wp\/v2\/pages\/825\/revisions\/890"}],"wp:attachment":[{"href":"https:\/\/www.studiomuste.fi\/index.php?rest_route=%2Fwp%2Fv2%2Fmedia&parent=825"}],"curies":[{"name":"wp","href":"https:\/\/api.w.org\/{rel}","templated":true}]}}